{"id":683,"date":"2023-11-06T07:51:50","date_gmt":"2023-11-06T06:51:50","guid":{"rendered":"https:\/\/rezycl.com\/privacy-policy\/"},"modified":"2025-02-05T22:46:43","modified_gmt":"2025-02-05T21:46:43","slug":"privacy-policy","status":"publish","type":"page","link":"https:\/\/rezycl.com\/da\/privacy-policy\/","title":{"rendered":"Privacy Policy"},"content":{"rendered":"<div class=\"fusion-fullwidth fullwidth-box fusion-builder-row-1 fusion-flex-container has-pattern-background has-mask-background nonhundred-percent-fullwidth non-hundred-percent-height-scrolling\" style=\"--awb-border-radius-top-left:0px;--awb-border-radius-top-right:0px;--awb-border-radius-bottom-right:0px;--awb-border-radius-bottom-left:0px;--awb-padding-top:100px;--awb-padding-bottom:60px;--awb-padding-top-small:35%;--awb-padding-bottom-small:35%;--awb-margin-top:-80px;--awb-margin-top-small:0px;--awb-background-image:linear-gradient(0deg, hsla(var(--awb-color4-h),var(--awb-color4-s),var(--awb-color4-l),calc(var(--awb-color4-a) - 50%)) 0%,hsla(var(--awb-color5-h),var(--awb-color5-s),calc(var(--awb-color5-l) - 20%),calc(var(--awb-color5-a) - 50%)) 100%);--awb-flex-wrap:wrap;\" ><div class=\"fusion-builder-row fusion-row fusion-flex-align-items-center fusion-flex-align-content-center fusion-flex-content-wrap\" style=\"max-width:1456px;margin-left: calc(-4% \/ 2 );margin-right: calc(-4% \/ 2 );\"><div class=\"fusion-layout-column fusion_builder_column fusion-builder-column-0 fusion_builder_column_1_2 1_2 fusion-flex-column\" style=\"--awb-bg-size:cover;--awb-width-large:50%;--awb-margin-top-large:0px;--awb-spacing-right-large:3.84%;--awb-margin-bottom-large:-20px;--awb-spacing-left-large:3.84%;--awb-width-medium:50%;--awb-order-medium:0;--awb-spacing-right-medium:3.84%;--awb-spacing-left-medium:3.84%;--awb-width-small:100%;--awb-order-small:0;--awb-spacing-right-small:1.92%;--awb-spacing-left-small:1.92%;\"><div class=\"fusion-column-wrapper fusion-column-has-shadow fusion-flex-justify-content-flex-start fusion-content-layout-column\"><div class=\"fusion-image-element sm-text-align-left fusion-no-medium-visibility fusion-no-large-visibility\" style=\"--awb-max-width:150px;--awb-caption-title-font-family:var(--h2_typography-font-family);--awb-caption-title-font-weight:var(--h2_typography-font-weight);--awb-caption-title-font-style:var(--h2_typography-font-style);--awb-caption-title-size:var(--h2_typography-font-size);--awb-caption-title-transform:var(--h2_typography-text-transform);--awb-caption-title-line-height:var(--h2_typography-line-height);--awb-caption-title-letter-spacing:var(--h2_typography-letter-spacing);\"><span class=\" fusion-imageframe imageframe-none imageframe-1 hover-type-none\"><a class=\"fusion-no-lightbox\" href=\"https:\/\/rezycl.com\/da\/\" target=\"_self\" aria-label=\"Rezycl logo\"><img decoding=\"async\" src=\"https:\/\/rezycl.com\/wp-content\/uploads\/2023\/12\/Rezycl-logo-negative.svg\" alt class=\"img-responsive wp-image-80\"\/><\/a><\/span><\/div><div class=\"fusion-title title fusion-title-1 fusion-sep-none fusion-title-text fusion-title-size-one fusion-animated\" style=\"--awb-text-color:var(--awb-color1);--awb-margin-bottom:0px;--awb-font-size:75px;\" data-animationType=\"fadeInLeft\" data-animationDuration=\"1.0\" data-animationOffset=\"top-into-view\"><h1 class=\"fusion-title-heading title-heading-left fusion-responsive-typography-calculated\" style=\"font-family:&quot;Poppins&quot;;font-style:normal;font-weight:700;margin:0;font-size:1em;--fontSize:75;line-height:var(--awb-typography1-line-height);\">Privatlivspolitik<\/h1><\/div><\/div><\/div><\/div><\/div><div class=\"fusion-fullwidth fullwidth-box fusion-builder-row-2 fusion-flex-container nonhundred-percent-fullwidth non-hundred-percent-height-scrolling\" style=\"--awb-border-radius-top-left:0px;--awb-border-radius-top-right:0px;--awb-border-radius-bottom-right:0px;--awb-border-radius-bottom-left:0px;--awb-padding-top:80px;--awb-padding-bottom:60px;--awb-flex-wrap:wrap;\" ><div class=\"fusion-builder-row fusion-row fusion-flex-align-items-flex-start fusion-flex-content-wrap\" style=\"max-width:1456px;margin-left: calc(-4% \/ 2 );margin-right: calc(-4% \/ 2 );\"><div class=\"fusion-layout-column fusion_builder_column fusion-builder-column-1 fusion_builder_column_1_1 1_1 fusion-flex-column\" style=\"--awb-bg-blend:overlay;--awb-bg-size:cover;--awb-width-large:100%;--awb-margin-top-large:0px;--awb-spacing-right-large:1.92%;--awb-margin-bottom-large:0px;--awb-spacing-left-large:1.92%;--awb-width-medium:100%;--awb-spacing-right-medium:1.92%;--awb-spacing-left-medium:1.92%;--awb-width-small:100%;--awb-spacing-right-small:1.92%;--awb-spacing-left-small:1.92%;\"><div class=\"fusion-column-wrapper fusion-flex-justify-content-flex-start fusion-content-layout-column\"><div class=\"fusion-text fusion-text-1\"><h3>Introduktion<\/h3>\n<p><span style=\"font-weight: 400;\">Hos Rezycl prioriterer vi vores kunders og bes\u00f8gendes privatliv og datasikkerhed. Denne privatlivspolitik beskriver, hvordan vi indsamler, anvender, videregiver og beskytter dine oplysninger.<\/span><\/p>\n<h3>Indsamling af data<\/h3>\n<p><span style=\"font-weight: 400;\">Vi indsamler oplysninger om dig p\u00e5 f\u00f8lgende m\u00e5der:<\/span><\/p>\n<ul>\n<li><b>Oplysninger, du giver os<\/b><span style=\"font-weight: 400;\">: Dette omfatter alle oplysninger, som du direkte giver os, s\u00e5som dit navn, din e-mailadresse og dit telefonnummer.<\/span><\/li>\n<li><b>Oplysninger, vi automatisk indsamler<\/b><span style=\"font-weight: 400;\">: Vi indsamler automatisk oplysninger om dit bes\u00f8g p\u00e5 vores hjemmeside, herunder hvilke sider du bes\u00f8ger, hvilke links du klikker p\u00e5, og andre handlinger, du foretager p\u00e5 vores side.<\/span><\/li>\n<\/ul>\n<h3>Cookies<\/h3>\n<\/div><div class=\"fusion-privacy-element fusion-privacy-element-1\"><div class=\"fusion-privacy-form-intro\"><p><span style=\"font-weight: 400;\">Vi bruger cookies p\u00e5 vores hjemmeside. Du kan \u00e6ndre dine pr\u00e6ferencer for, hvilke cookies vi m\u00e5 bruge i din browser her:<\/span><\/p>\n<\/div><form id=\"fusion-privacy-form-1\" method=\"post\" class=\"fusion-privacy-form fusion-privacy-form-stacked\"><ul><li><label for=\"youtube\"><input name=\"consents[]\" type=\"checkbox\" value=\"youtube\" checked id=\"youtube\">YouTube<\/label><\/li><li><label for=\"facebook\"><input name=\"consents[]\" type=\"checkbox\" value=\"facebook\" checked id=\"facebook\">Facebook<\/label><\/li><li><label for=\"twitter\"><input name=\"consents[]\" type=\"checkbox\" value=\"twitter\" checked id=\"twitter\">X<\/label><\/li><li><label for=\"gmaps\"><input name=\"consents[]\" type=\"checkbox\" value=\"gmaps\" checked id=\"gmaps\">Google Maps<\/label><\/li><li><label for=\"tracking\"><input name=\"consents[]\" type=\"checkbox\" value=\"tracking\" checked id=\"tracking\">Tracking Cookies<\/label><\/li><\/ul><input type=\"hidden\" name=\"_wp_http_referer\" value=\"\/da\/wp-json\/wp\/v2\/pages\/683\" \/><input type=\"hidden\" name=\"privacyformid\" value=\"1\"><input type=\"hidden\" name=\"consents[]\" value=\"consent\"><input class=\"fusion-button fusion-button-default fusion-button-default-size\" type=\"submit\" value=\"Update\" ><\/form><\/div><div class=\"fusion-text fusion-text-2\" style=\"--awb-margin-top:20px;\"><p><span style=\"font-weight: 400;\">Hvis du afviser alle cookies, vil \u00e9n enkelt cookie (privacy_embeds) blive gemt. Form\u00e5let med denne cookie er kun at huske, at du har valgt ikke at acceptere cookies.<\/span><\/p>\n<\/div><div class=\"fusion-text fusion-text-3\"><h3>Anvendelse af oplysninger<\/h3>\n<p><span style=\"font-weight: 400;\">De oplysninger, vi indsamler, kan bruges til f\u00f8lgende form\u00e5l:<\/span><\/p>\n<ul>\n<li style=\"font-weight: 400;\" aria-level=\"1\"><span style=\"font-weight: 400;\">At forbedre vores hjemmeside og tjenester.<\/span><\/li>\n<li style=\"font-weight: 400;\" aria-level=\"1\"><span style=\"font-weight: 400;\">At tilpasse din oplevelse p\u00e5 vores hjemmeside.<\/span><\/li>\n<li style=\"font-weight: 400;\" aria-level=\"1\"><span style=\"font-weight: 400;\">At kommunikere med dig om vores tjenester, herunder kundeservice og support.<\/span><\/li>\n<\/ul>\n<h3>Deling af oplysninger<\/h3>\n<p><span style=\"font-weight: 400;\">Dine personlige oplysninger s\u00e6lges eller lejes aldrig ud. Vi deler dem heller ikke med tredjeparter uden dit samtykke, medmindre det kr\u00e6ves ved lov eller er n\u00f8dvendigt for at levere vores tjenester til dig, herunder<\/span><\/p>\n<ul>\n<li style=\"font-weight: 400;\" aria-level=\"1\"><span style=\"font-weight: 400;\">For at overholde juridiske forpligtelser.<\/span><\/li>\n<li style=\"font-weight: 400;\" aria-level=\"1\"><span style=\"font-weight: 400;\">For at beskytte rettigheder og sikkerhed for Rezycl og dets brugere.<\/span><\/li>\n<li style=\"font-weight: 400;\" aria-level=\"1\"><span style=\"font-weight: 400;\">I forbindelse med salg, fusion eller overf\u00f8rsel af forretningen.<\/span><\/li>\n<\/ul>\n<h3>Databeskyttelse<\/h3>\n<p><span style=\"font-weight: 400;\">Vi implementerer rimelige foranstaltninger for at beskytte dine oplysninger mod uautoriseret adgang, brug eller offentligg\u00f8relse. Vi kan dog ikke garantere fuldst\u00e6ndig sikkerhed, da ingen internetbaseret platform er helt sikker.<\/span><\/p>\n<h3>Dine rettigheder<\/h3>\n<p><span style=\"font-weight: 400;\">Under GDPR har du rettigheder til at f\u00e5 adgang til, rette, slette og begr\u00e6nse behandlingen af dine personlige data. Du har ogs\u00e5 ret til at g\u00f8re indsigelse mod behandlingen og ret til dataportabilitet. For at ud\u00f8ve disse rettigheder, kontakt os venligst.<\/span><\/p>\n<h3>\u00c6ndringer i vores privatlivspolitik<\/h3>\n<p><span style=\"font-weight: 400;\">Vi kan revidere denne privatlivspolitik fra tid til anden. Den opdaterede version vil blive angivet med en opdateret &#8220;Revideret&#8221; dato og tr\u00e6de i kraft, s\u00e5 snart den er tilg\u00e6ngelig. Vi opfordrer dig til regelm\u00e6ssigt at gennemg\u00e5 vores privatlivspolitik for at holde dig informeret om, hvordan vi beskytter dine oplysninger.<\/span><\/p>\n<h3>Kontakt os<\/h3>\n<p><span style=\"font-weight: 400;\">Hvis du har sp\u00f8rgsm\u00e5l til denne privatlivspolitik eller vores praksis vedr\u00f8rende privatliv, kan du kontakte os p\u00e5 info@rezycl.com.<\/span><\/p>\n<p><!-- \/wp:post-content --><\/p>\n<\/div><\/div><\/div><\/div><\/div><!-- \/wp:freeform -->","protected":false},"excerpt":{"rendered":"","protected":false},"author":1,"featured_media":0,"parent":0,"menu_order":0,"comment_status":"closed","ping_status":"open","template":"100-width.php","meta":{"footnotes":""},"class_list":["post-683","page","type-page","status-publish","hentry"],"yoast_head":"<!-- This site is optimized with the Yoast SEO plugin v25.6 - https:\/\/yoast.com\/wordpress\/plugins\/seo\/ -->\n<title>Privacy Policy - Rezycl<\/title>\n<meta name=\"robots\" content=\"noindex, follow\" \/>\n<meta property=\"og:locale\" content=\"da_DK\" \/>\n<meta property=\"og:type\" content=\"article\" \/>\n<meta property=\"og:title\" content=\"Privacy Policy - Rezycl\" \/>\n<meta property=\"og:url\" content=\"https:\/\/rezycl.com\/da\/privacy-policy\/\" \/>\n<meta property=\"og:site_name\" content=\"Rezycl\" \/>\n<meta property=\"article:modified_time\" content=\"2025-02-05T21:46:43+00:00\" \/>\n<meta name=\"twitter:card\" content=\"summary_large_image\" \/>\n<meta name=\"twitter:label1\" content=\"Estimeret l\u00e6setid\" \/>\n\t<meta name=\"twitter:data1\" content=\"2 minutter\" \/>\n<script type=\"application\/ld+json\" class=\"yoast-schema-graph\">{\"@context\":\"https:\/\/schema.org\",\"@graph\":[{\"@type\":\"WebPage\",\"@id\":\"https:\/\/rezycl.com\/da\/privacy-policy\/\",\"url\":\"https:\/\/rezycl.com\/da\/privacy-policy\/\",\"name\":\"Privacy Policy - Rezycl\",\"isPartOf\":{\"@id\":\"https:\/\/rezycl.com\/da\/#website\"},\"datePublished\":\"2023-11-06T06:51:50+00:00\",\"dateModified\":\"2025-02-05T21:46:43+00:00\",\"breadcrumb\":{\"@id\":\"https:\/\/rezycl.com\/da\/privacy-policy\/#breadcrumb\"},\"inLanguage\":\"da-DK\",\"potentialAction\":[{\"@type\":\"ReadAction\",\"target\":[\"https:\/\/rezycl.com\/da\/privacy-policy\/\"]}]},{\"@type\":\"BreadcrumbList\",\"@id\":\"https:\/\/rezycl.com\/da\/privacy-policy\/#breadcrumb\",\"itemListElement\":[{\"@type\":\"ListItem\",\"position\":1,\"name\":\"Home\",\"item\":\"https:\/\/20.13.136.108\/da\/\"},{\"@type\":\"ListItem\",\"position\":2,\"name\":\"Privacy Policy\"}]},{\"@type\":\"WebSite\",\"@id\":\"https:\/\/rezycl.com\/da\/#website\",\"url\":\"https:\/\/rezycl.com\/da\/\",\"name\":\"Rezycl\",\"description\":\"Your Waste Management System\",\"publisher\":{\"@id\":\"https:\/\/rezycl.com\/da\/#organization\"},\"potentialAction\":[{\"@type\":\"SearchAction\",\"target\":{\"@type\":\"EntryPoint\",\"urlTemplate\":\"https:\/\/rezycl.com\/da\/?s={search_term_string}\"},\"query-input\":{\"@type\":\"PropertyValueSpecification\",\"valueRequired\":true,\"valueName\":\"search_term_string\"}}],\"inLanguage\":\"da-DK\"},{\"@type\":\"Organization\",\"@id\":\"https:\/\/rezycl.com\/da\/#organization\",\"name\":\"Rezycl\",\"url\":\"https:\/\/rezycl.com\/da\/\",\"logo\":{\"@type\":\"ImageObject\",\"inLanguage\":\"da-DK\",\"@id\":\"https:\/\/rezycl.com\/da\/#\/schema\/logo\/image\/\",\"url\":\"\/wp-content\/uploads\/2024\/03\/Rezycl-Web.png\",\"contentUrl\":\"\/wp-content\/uploads\/2024\/03\/Rezycl-Web.png\",\"width\":800,\"height\":266,\"caption\":\"Rezycl\"},\"image\":{\"@id\":\"https:\/\/rezycl.com\/da\/#\/schema\/logo\/image\/\"},\"sameAs\":[\"https:\/\/www.linkedin.com\/company\/rezycl\/\"]}]}<\/script>\n<!-- \/ Yoast SEO plugin. -->","yoast_head_json":{"title":"Privacy Policy - Rezycl","robots":{"index":"noindex","follow":"follow"},"og_locale":"da_DK","og_type":"article","og_title":"Privacy Policy - Rezycl","og_url":"https:\/\/rezycl.com\/da\/privacy-policy\/","og_site_name":"Rezycl","article_modified_time":"2025-02-05T21:46:43+00:00","twitter_card":"summary_large_image","twitter_misc":{"Estimeret l\u00e6setid":"2 minutter"},"schema":{"@context":"https:\/\/schema.org","@graph":[{"@type":"WebPage","@id":"https:\/\/rezycl.com\/da\/privacy-policy\/","url":"https:\/\/rezycl.com\/da\/privacy-policy\/","name":"Privacy Policy - Rezycl","isPartOf":{"@id":"https:\/\/rezycl.com\/da\/#website"},"datePublished":"2023-11-06T06:51:50+00:00","dateModified":"2025-02-05T21:46:43+00:00","breadcrumb":{"@id":"https:\/\/rezycl.com\/da\/privacy-policy\/#breadcrumb"},"inLanguage":"da-DK","potentialAction":[{"@type":"ReadAction","target":["https:\/\/rezycl.com\/da\/privacy-policy\/"]}]},{"@type":"BreadcrumbList","@id":"https:\/\/rezycl.com\/da\/privacy-policy\/#breadcrumb","itemListElement":[{"@type":"ListItem","position":1,"name":"Home","item":"https:\/\/20.13.136.108\/da\/"},{"@type":"ListItem","position":2,"name":"Privacy Policy"}]},{"@type":"WebSite","@id":"https:\/\/rezycl.com\/da\/#website","url":"https:\/\/rezycl.com\/da\/","name":"Rezycl","description":"Your Waste Management System","publisher":{"@id":"https:\/\/rezycl.com\/da\/#organization"},"potentialAction":[{"@type":"SearchAction","target":{"@type":"EntryPoint","urlTemplate":"https:\/\/rezycl.com\/da\/?s={search_term_string}"},"query-input":{"@type":"PropertyValueSpecification","valueRequired":true,"valueName":"search_term_string"}}],"inLanguage":"da-DK"},{"@type":"Organization","@id":"https:\/\/rezycl.com\/da\/#organization","name":"Rezycl","url":"https:\/\/rezycl.com\/da\/","logo":{"@type":"ImageObject","inLanguage":"da-DK","@id":"https:\/\/rezycl.com\/da\/#\/schema\/logo\/image\/","url":"\/wp-content\/uploads\/2024\/03\/Rezycl-Web.png","contentUrl":"\/wp-content\/uploads\/2024\/03\/Rezycl-Web.png","width":800,"height":266,"caption":"Rezycl"},"image":{"@id":"https:\/\/rezycl.com\/da\/#\/schema\/logo\/image\/"},"sameAs":["https:\/\/www.linkedin.com\/company\/rezycl\/"]}]}},"_links":{"self":[{"href":"https:\/\/rezycl.com\/da\/wp-json\/wp\/v2\/pages\/683","targetHints":{"allow":["GET"]}}],"collection":[{"href":"https:\/\/rezycl.com\/da\/wp-json\/wp\/v2\/pages"}],"about":[{"href":"https:\/\/rezycl.com\/da\/wp-json\/wp\/v2\/types\/page"}],"author":[{"embeddable":true,"href":"https:\/\/rezycl.com\/da\/wp-json\/wp\/v2\/users\/1"}],"replies":[{"embeddable":true,"href":"https:\/\/rezycl.com\/da\/wp-json\/wp\/v2\/comments?post=683"}],"version-history":[{"count":2,"href":"https:\/\/rezycl.com\/da\/wp-json\/wp\/v2\/pages\/683\/revisions"}],"predecessor-version":[{"id":689,"href":"https:\/\/rezycl.com\/da\/wp-json\/wp\/v2\/pages\/683\/revisions\/689"}],"wp:attachment":[{"href":"https:\/\/rezycl.com\/da\/wp-json\/wp\/v2\/media?parent=683"}],"curies":[{"name":"wp","href":"https:\/\/api.w.org\/{rel}","templated":true}]}}