{"id":583,"date":"2024-03-06T08:39:12","date_gmt":"2024-03-06T07:39:12","guid":{"rendered":"https:\/\/rezycl.com\/?page_id=583"},"modified":"2025-02-05T10:02:26","modified_gmt":"2025-02-05T09:02:26","slug":"om-oss","status":"publish","type":"page","link":"https:\/\/rezycl.com\/no\/om-oss\/","title":{"rendered":"Om oss"},"content":{"rendered":"<p><div class=\"fusion-fullwidth fullwidth-box fusion-builder-row-1 fusion-flex-container has-pattern-background has-mask-background fusion-parallax-fixed nonhundred-percent-fullwidth non-hundred-percent-height-scrolling\" style=\"--awb-border-radius-top-left:0px;--awb-border-radius-top-right:0px;--awb-border-radius-bottom-right:0px;--awb-border-radius-bottom-left:0px;--awb-padding-top:8%;--awb-padding-bottom:6%;--awb-padding-top-small:35%;--awb-padding-bottom-small:35%;--awb-margin-top:-80px;--awb-margin-top-small:0px;--awb-background-image:linear-gradient(0deg, hsla(var(--awb-color4-h),var(--awb-color4-s),var(--awb-color4-l),calc(var(--awb-color4-a) - 50%)) 0%,hsla(var(--awb-color5-h),var(--awb-color5-s),calc(var(--awb-color5-l) - 20%),calc(var(--awb-color5-a) - 50%)) 100%),url(https:\/\/rezycl.com\/wp-content\/uploads\/2024\/03\/bg_data.jpg);;--awb-background-size:cover;--awb-flex-wrap:wrap;background-attachment:fixed;\" ><div class=\"fusion-builder-row fusion-row fusion-flex-align-items-center fusion-flex-align-content-center fusion-flex-content-wrap\" style=\"max-width:1456px;margin-left: calc(-4% \/ 2 );margin-right: calc(-4% \/ 2 );\"><div class=\"fusion-layout-column fusion_builder_column fusion-builder-column-0 fusion_builder_column_1_2 1_2 fusion-flex-column\" style=\"--awb-bg-size:cover;--awb-width-large:50%;--awb-margin-top-large:0px;--awb-spacing-right-large:3.84%;--awb-margin-bottom-large:-20px;--awb-spacing-left-large:3.84%;--awb-width-medium:50%;--awb-order-medium:0;--awb-spacing-right-medium:3.84%;--awb-spacing-left-medium:3.84%;--awb-width-small:100%;--awb-order-small:0;--awb-spacing-right-small:1.92%;--awb-spacing-left-small:1.92%;\"><div class=\"fusion-column-wrapper fusion-column-has-shadow fusion-flex-justify-content-flex-start fusion-content-layout-column\"><div class=\"fusion-image-element sm-text-align-left fusion-no-medium-visibility fusion-no-large-visibility\" style=\"--awb-max-width:150px;--awb-caption-title-font-family:var(--h2_typography-font-family);--awb-caption-title-font-weight:var(--h2_typography-font-weight);--awb-caption-title-font-style:var(--h2_typography-font-style);--awb-caption-title-size:var(--h2_typography-font-size);--awb-caption-title-transform:var(--h2_typography-text-transform);--awb-caption-title-line-height:var(--h2_typography-line-height);--awb-caption-title-letter-spacing:var(--h2_typography-letter-spacing);\"><span class=\" fusion-imageframe imageframe-none imageframe-1 hover-type-none\"><a class=\"fusion-no-lightbox\" href=\"https:\/\/rezycl.com\/no\/\" target=\"_self\" aria-label=\"Rezycl logo\"><img decoding=\"async\" src=\"https:\/\/rezycl.com\/wp-content\/uploads\/2023\/12\/Rezycl-logo-negative.svg\" alt class=\"img-responsive wp-image-80\"\/><\/a><\/span><\/div><div class=\"fusion-title title fusion-title-1 fusion-no-small-visibility fusion-sep-none fusion-title-text fusion-title-size-one fusion-animated\" style=\"--awb-text-color:var(--awb-color1);--awb-margin-bottom:0px;--awb-font-size:75px;\" data-animationType=\"fadeInLeft\" data-animationDuration=\"1.0\" data-animationOffset=\"top-into-view\"><h1 class=\"fusion-title-heading title-heading-left fusion-responsive-typography-calculated\" style=\"font-family:&quot;Poppins&quot;;font-style:normal;font-weight:700;margin:0;font-size:1em;--fontSize:75;line-height:var(--awb-typography1-line-height);\">Om oss<\/h1><\/div><div class=\"fusion-title title fusion-title-2 fusion-no-medium-visibility fusion-no-large-visibility fusion-sep-none fusion-title-text fusion-title-size-two fusion-animated\" style=\"--awb-text-color:var(--awb-color1);--awb-margin-bottom:0px;--awb-font-size:40px;\" data-animationType=\"fadeInLeft\" data-animationDuration=\"1.0\" data-animationOffset=\"top-into-view\"><h2 class=\"fusion-title-heading title-heading-left fusion-responsive-typography-calculated\" style=\"font-family:&quot;Poppins&quot;;font-style:normal;font-weight:700;margin:0;font-size:1em;--fontSize:40;line-height:var(--awb-typography1-line-height);\">Om oss<\/h2><\/div><div class=\"fusion-title title fusion-title-3 fusion-no-small-visibility fusion-sep-none fusion-title-text fusion-title-size-two fusion-animated\" style=\"--awb-text-color:var(--awb-color1);--awb-font-size:20px;\" data-animationType=\"fadeInLeft\" data-animationDuration=\"1.0\" data-animationDelay=\"1.0\" data-animationOffset=\"top-into-view\"><h2 class=\"fusion-title-heading title-heading-left fusion-responsive-typography-calculated\" style=\"margin:0;font-size:1em;text-transform:uppercase;--fontSize:20;line-height:var(--awb-typography1-line-height);\"><span style=\"font-weight: 400;\"><strong>Vi utvikler<\/strong> programvare som hjelper deg med \u00e5 forst\u00e5, optimalisere og redusere avfallet ditt.<\/span><\/h2><\/div><\/div><\/div><\/div><\/div><div class=\"fusion-fullwidth fullwidth-box fusion-builder-row-2 fusion-flex-container has-pattern-background has-mask-background nonhundred-percent-fullwidth non-hundred-percent-height-scrolling\" style=\"--awb-border-radius-top-left:0px;--awb-border-radius-top-right:0px;--awb-border-radius-bottom-right:0px;--awb-border-radius-bottom-left:0px;--awb-padding-top:80px;--awb-padding-bottom:60px;--awb-flex-wrap:wrap;\" ><div class=\"fusion-builder-row fusion-row fusion-flex-align-items-flex-start fusion-flex-content-wrap\" style=\"max-width:1456px;margin-left: calc(-4% \/ 2 );margin-right: calc(-4% \/ 2 );\"><div class=\"fusion-layout-column fusion_builder_column fusion-builder-column-1 fusion_builder_column_1_3 1_3 fusion-flex-column\" style=\"--awb-bg-size:cover;--awb-width-large:33.333333333333%;--awb-margin-top-large:0px;--awb-spacing-right-large:5.76%;--awb-margin-bottom-large:20px;--awb-spacing-left-large:5.76%;--awb-width-medium:33.333333333333%;--awb-order-medium:0;--awb-spacing-right-medium:5.76%;--awb-spacing-left-medium:5.76%;--awb-width-small:100%;--awb-order-small:0;--awb-spacing-right-small:1.92%;--awb-spacing-left-small:1.92%;\"><div class=\"fusion-column-wrapper fusion-column-has-shadow fusion-flex-justify-content-flex-start fusion-content-layout-column\"><div class=\"fusion-title title fusion-title-4 fusion-sep-none fusion-title-text fusion-title-size-two\"><h2 class=\"fusion-title-heading title-heading-left fusion-responsive-typography-calculated\" style=\"margin:0;--fontSize:48;line-height:var(--awb-typography1-line-height);\">Hvem er Rezycl?<\/h2><\/div><\/div><\/div><div class=\"fusion-layout-column fusion_builder_column fusion-builder-column-2 fusion_builder_column_2_3 2_3 fusion-flex-column\" style=\"--awb-bg-size:cover;--awb-width-large:66.666666666667%;--awb-margin-top-large:0px;--awb-spacing-right-large:2.88%;--awb-margin-bottom-large:20px;--awb-spacing-left-large:2.88%;--awb-width-medium:66.666666666667%;--awb-order-medium:0;--awb-spacing-right-medium:2.88%;--awb-spacing-left-medium:2.88%;--awb-width-small:100%;--awb-order-small:0;--awb-spacing-right-small:1.92%;--awb-spacing-left-small:1.92%;\"><div class=\"fusion-column-wrapper fusion-column-has-shadow fusion-flex-justify-content-flex-start fusion-content-layout-column\"><div class=\"fusion-text fusion-text-1 awb-text-cols fusion-text-columns-2 fusion-text-no-margin\" style=\"--awb-columns:2;--awb-column-spacing:2em;--awb-column-min-width:300px;--awb-margin-bottom:30px;\"><p><span style=\"font-weight: 400;\">Rezycl ble opprettet for \u00e5 gi bedrifter som din et online verkt\u00f8y som samler all dokumentasjon for avfall p\u00e5 ett sted og p\u00e5 tvers av alle avfallstransport\u00f8rer.<\/span><\/p>\n<p><span style=\"font-weight: 400;\">Rezycl har mange \u00e5rs erfaring i bransjen, b\u00e5de fra selskaper som produserer avfall, fra avfallsmeklere og samarbeid med transport\u00f8rer.<\/span><\/p>\n<p><span style=\"font-weight: 400;\">Med denne bakgrunnen har Rezycl utviklet seg til en innovativ og brukervennlig online l\u00f8sning. Dette gj\u00f8r det mulig for deg \u00e5 bli uavhengig av de avfallstransport\u00f8rene du bruker, samtidig som du f\u00e5r full tilgang til \u2013 og eierskap over \u2013 dine egne data.<\/span><\/p>\n<p><span style=\"font-weight: 400;\">Vi har utviklet et praktisk og intelligent system som, i tillegg til \u00e5 kunne bestille innhentinger, ogs\u00e5 kan overv\u00e5ke driften og vise statistikker, enten det gjelder mengder, \u00f8konomi, CO2-utslipp osv.<\/span><\/p>\n<p><span style=\"font-weight: 400;\">Et system som enkelt samler data, har automatisk fakturakontroll og i tillegg tilbyr et integrert anbudsmodul.<\/span><\/p>\n<p><span style=\"font-weight: 400;\">Rezycl er et moderne og fremtidsrettet online avfallsh\u00e5ndteringssystem.<\/span><\/p>\n<\/div><div class=\"fusion-text fusion-text-2 fusion-text-no-margin\"><p><span style=\"font-weight: 400;\">Med vennlig hilsen,<\/span><\/p>\n<\/div><div class=\"fusion-image-element \" style=\"--awb-margin-bottom:-30px;--awb-margin-left:-50px;--awb-caption-title-font-family:var(--h2_typography-font-family);--awb-caption-title-font-weight:var(--h2_typography-font-weight);--awb-caption-title-font-style:var(--h2_typography-font-style);--awb-caption-title-size:var(--h2_typography-font-size);--awb-caption-title-transform:var(--h2_typography-text-transform);--awb-caption-title-line-height:var(--h2_typography-line-height);--awb-caption-title-letter-spacing:var(--h2_typography-letter-spacing);\"><span class=\" fusion-imageframe imageframe-none imageframe-2 hover-type-none\"><img decoding=\"async\" width=\"283\" height=\"91\" alt=\"Peter\" src=\"https:\/\/rezycl.com\/wp-content\/uploads\/2024\/03\/Peter-signature.png\" class=\"img-responsive wp-image-379\" srcset=\"\/wp-content\/uploads\/2024\/03\/Peter-signature-200x64.png 200w, \/wp-content\/uploads\/2024\/03\/Peter-signature.png 283w\" sizes=\"(max-width: 640px) 100vw, 283px\" \/><\/span><\/div><div class=\"fusion-text fusion-text-3\"><p><span style=\"font-weight: 400;\"><strong>Peter Hyldgaard<\/strong>, CEO<\/span><\/p>\n<\/div><\/div><\/div><\/div><\/div><div class=\"fusion-fullwidth fullwidth-box fusion-builder-row-3 fusion-flex-container has-pattern-background has-mask-background nonhundred-percent-fullwidth non-hundred-percent-height-scrolling\" style=\"--awb-border-radius-top-left:0px;--awb-border-radius-top-right:0px;--awb-border-radius-bottom-right:0px;--awb-border-radius-bottom-left:0px;--awb-padding-top:80px;--awb-padding-bottom:60px;--awb-background-color:var(--awb-color3);--awb-flex-wrap:wrap;\" ><div class=\"fusion-builder-row fusion-row fusion-flex-align-items-flex-start fusion-flex-content-wrap\" style=\"max-width:1456px;margin-left: calc(-4% \/ 2 );margin-right: calc(-4% \/ 2 );\"><div class=\"fusion-layout-column fusion_builder_column fusion-builder-column-3 fusion_builder_column_1_1 1_1 fusion-flex-column\" style=\"--awb-bg-size:cover;--awb-width-large:100%;--awb-margin-top-large:0px;--awb-spacing-right-large:1.92%;--awb-margin-bottom-large:20px;--awb-spacing-left-large:1.92%;--awb-width-medium:100%;--awb-order-medium:0;--awb-spacing-right-medium:1.92%;--awb-spacing-left-medium:1.92%;--awb-width-small:100%;--awb-order-small:0;--awb-spacing-right-small:1.92%;--awb-spacing-left-small:1.92%;\"><div class=\"fusion-column-wrapper fusion-column-has-shadow fusion-flex-justify-content-flex-start fusion-content-layout-column\"><div class=\"fusion-title title fusion-title-5 fusion-sep-none fusion-title-center fusion-title-text fusion-title-size-two\"><h2 class=\"fusion-title-heading title-heading-center fusion-responsive-typography-calculated\" style=\"margin:0;--fontSize:48;line-height:var(--awb-typography1-line-height);\"><div class=\"flex-shrink-0 flex flex-col relative items-end\">\n<div class=\"pt-0\">\n<div class=\"gizmo-bot-avatar flex h-8 w-8 items-center justify-center overflow-hidden rounded-full\">\n<div class=\"relative p-1 rounded-sm flex items-center justify-center bg-token-main-surface-primary text-token-text-primary h-8 w-8\">Klar for \u00e5 komme om bord? Ta kontakt!<\/div>\n<\/div>\n<\/div>\n<\/div><\/h2><\/div><\/div><\/div><div class=\"fusion-layout-column fusion_builder_column fusion-builder-column-4 fusion_builder_column_1_1 1_1 fusion-flex-column\" style=\"--awb-bg-size:cover;--awb-width-large:100%;--awb-margin-top-large:0px;--awb-spacing-right-large:1.92%;--awb-margin-bottom-large:20px;--awb-spacing-left-large:1.92%;--awb-width-medium:100%;--awb-order-medium:0;--awb-spacing-right-medium:1.92%;--awb-spacing-left-medium:1.92%;--awb-width-small:100%;--awb-order-small:0;--awb-spacing-right-small:1.92%;--awb-spacing-left-small:1.92%;\"><div class=\"fusion-column-wrapper fusion-column-has-shadow fusion-flex-justify-content-flex-start fusion-content-layout-column\"><div class=\"fusion-text fusion-text-4 fusion-text-no-margin\" style=\"--awb-content-alignment:center;--awb-margin-bottom:30px;\"><p><span style=\"font-weight: 400;\">V\u00e5r onboarding-prosess er rask og enkel, og vi st\u00e5r klare til \u00e5 hjelpe deg med \u00e5 komme i gang allerede i dag. Trykk bare p\u00e5 knappen nedenfor for \u00e5 komme i kontakt med oss.<\/span><\/p>\n<\/div><div style=\"text-align:center;\"><a class=\"fusion-button button-flat button-xlarge button-custom fusion-button-default button-1 fusion-button-default-span fusion-button-default-type\" style=\"--button_accent_color:var(--awb-color1);--button_accent_hover_color:var(--awb-color1);--button_border_hover_color:var(--awb-color1);--button_border_width-top:2px;--button_border_width-right:2px;--button_border_width-bottom:2px;--button_border_width-left:2px;--button_gradient_top_color:var(--awb-color4);--button_gradient_bottom_color:var(--awb-color4);--button_gradient_top_color_hover:hsla(var(--awb-color4-h),calc(var(--awb-color4-s) - 5%),calc(var(--awb-color4-l) - 10%),var(--awb-color4-a));--button_gradient_bottom_color_hover:hsla(var(--awb-color4-h),calc(var(--awb-color4-s) - 5%),calc(var(--awb-color4-l) - 10%),var(--awb-color4-a));\" target=\"_self\" href=\"https:\/\/rezycl.com\/contact\/\"><span class=\"fusion-button-text awb-button__text awb-button__text--default\">Kontakt oss<\/span><\/a><\/div><\/div><\/div><\/div><\/div><\/p>\n","protected":false},"excerpt":{"rendered":"","protected":false},"author":1,"featured_media":0,"parent":0,"menu_order":0,"comment_status":"closed","ping_status":"closed","template":"100-width.php","meta":{"footnotes":""},"class_list":["post-583","page","type-page","status-publish","hentry"],"yoast_head":"<!-- This site is optimized with the Yoast SEO plugin v25.6 - https:\/\/yoast.com\/wordpress\/plugins\/seo\/ -->\n<title>Om oss - Rezycl<\/title>\n<meta name=\"robots\" content=\"index, follow, max-snippet:-1, max-image-preview:large, max-video-preview:-1\" \/>\n<link rel=\"canonical\" href=\"https:\/\/rezycl.com\/no\/om-oss\/\" \/>\n<meta property=\"og:locale\" content=\"nb_NO\" \/>\n<meta property=\"og:type\" content=\"article\" \/>\n<meta property=\"og:title\" content=\"Om oss - Rezycl\" \/>\n<meta property=\"og:url\" content=\"https:\/\/rezycl.com\/no\/om-oss\/\" \/>\n<meta property=\"og:site_name\" content=\"Rezycl\" \/>\n<meta property=\"article:modified_time\" content=\"2025-02-05T09:02:26+00:00\" \/>\n<meta name=\"twitter:card\" content=\"summary_large_image\" \/>\n<meta name=\"twitter:label1\" content=\"Ansl. lesetid\" \/>\n\t<meta name=\"twitter:data1\" content=\"2 minutter\" \/>\n<script type=\"application\/ld+json\" class=\"yoast-schema-graph\">{\"@context\":\"https:\/\/schema.org\",\"@graph\":[{\"@type\":\"WebPage\",\"@id\":\"https:\/\/rezycl.com\/no\/om-oss\/\",\"url\":\"https:\/\/rezycl.com\/no\/om-oss\/\",\"name\":\"Om oss - Rezycl\",\"isPartOf\":{\"@id\":\"https:\/\/rezycl.com\/no\/#website\"},\"datePublished\":\"2024-03-06T07:39:12+00:00\",\"dateModified\":\"2025-02-05T09:02:26+00:00\",\"breadcrumb\":{\"@id\":\"https:\/\/rezycl.com\/no\/om-oss\/#breadcrumb\"},\"inLanguage\":\"nb-NO\",\"potentialAction\":[{\"@type\":\"ReadAction\",\"target\":[\"https:\/\/rezycl.com\/no\/om-oss\/\"]}]},{\"@type\":\"BreadcrumbList\",\"@id\":\"https:\/\/rezycl.com\/no\/om-oss\/#breadcrumb\",\"itemListElement\":[{\"@type\":\"ListItem\",\"position\":1,\"name\":\"Home\",\"item\":\"https:\/\/rezycl.com\/no\/\"},{\"@type\":\"ListItem\",\"position\":2,\"name\":\"Om oss\"}]},{\"@type\":\"WebSite\",\"@id\":\"https:\/\/rezycl.com\/no\/#website\",\"url\":\"https:\/\/rezycl.com\/no\/\",\"name\":\"Rezycl\",\"description\":\"Your Waste Management System\",\"publisher\":{\"@id\":\"https:\/\/rezycl.com\/no\/#organization\"},\"potentialAction\":[{\"@type\":\"SearchAction\",\"target\":{\"@type\":\"EntryPoint\",\"urlTemplate\":\"https:\/\/rezycl.com\/no\/?s={search_term_string}\"},\"query-input\":{\"@type\":\"PropertyValueSpecification\",\"valueRequired\":true,\"valueName\":\"search_term_string\"}}],\"inLanguage\":\"nb-NO\"},{\"@type\":\"Organization\",\"@id\":\"https:\/\/rezycl.com\/no\/#organization\",\"name\":\"Rezycl\",\"url\":\"https:\/\/rezycl.com\/no\/\",\"logo\":{\"@type\":\"ImageObject\",\"inLanguage\":\"nb-NO\",\"@id\":\"https:\/\/rezycl.com\/no\/#\/schema\/logo\/image\/\",\"url\":\"\/wp-content\/uploads\/2024\/03\/Rezycl-Web.png\",\"contentUrl\":\"\/wp-content\/uploads\/2024\/03\/Rezycl-Web.png\",\"width\":800,\"height\":266,\"caption\":\"Rezycl\"},\"image\":{\"@id\":\"https:\/\/rezycl.com\/no\/#\/schema\/logo\/image\/\"},\"sameAs\":[\"https:\/\/www.linkedin.com\/company\/rezycl\/\"]}]}<\/script>\n<!-- \/ Yoast SEO plugin. -->","yoast_head_json":{"title":"Om oss - Rezycl","robots":{"index":"index","follow":"follow","max-snippet":"max-snippet:-1","max-image-preview":"max-image-preview:large","max-video-preview":"max-video-preview:-1"},"canonical":"https:\/\/rezycl.com\/no\/om-oss\/","og_locale":"nb_NO","og_type":"article","og_title":"Om oss - Rezycl","og_url":"https:\/\/rezycl.com\/no\/om-oss\/","og_site_name":"Rezycl","article_modified_time":"2025-02-05T09:02:26+00:00","twitter_card":"summary_large_image","twitter_misc":{"Ansl. lesetid":"2 minutter"},"schema":{"@context":"https:\/\/schema.org","@graph":[{"@type":"WebPage","@id":"https:\/\/rezycl.com\/no\/om-oss\/","url":"https:\/\/rezycl.com\/no\/om-oss\/","name":"Om oss - Rezycl","isPartOf":{"@id":"https:\/\/rezycl.com\/no\/#website"},"datePublished":"2024-03-06T07:39:12+00:00","dateModified":"2025-02-05T09:02:26+00:00","breadcrumb":{"@id":"https:\/\/rezycl.com\/no\/om-oss\/#breadcrumb"},"inLanguage":"nb-NO","potentialAction":[{"@type":"ReadAction","target":["https:\/\/rezycl.com\/no\/om-oss\/"]}]},{"@type":"BreadcrumbList","@id":"https:\/\/rezycl.com\/no\/om-oss\/#breadcrumb","itemListElement":[{"@type":"ListItem","position":1,"name":"Home","item":"https:\/\/rezycl.com\/no\/"},{"@type":"ListItem","position":2,"name":"Om oss"}]},{"@type":"WebSite","@id":"https:\/\/rezycl.com\/no\/#website","url":"https:\/\/rezycl.com\/no\/","name":"Rezycl","description":"Your Waste Management System","publisher":{"@id":"https:\/\/rezycl.com\/no\/#organization"},"potentialAction":[{"@type":"SearchAction","target":{"@type":"EntryPoint","urlTemplate":"https:\/\/rezycl.com\/no\/?s={search_term_string}"},"query-input":{"@type":"PropertyValueSpecification","valueRequired":true,"valueName":"search_term_string"}}],"inLanguage":"nb-NO"},{"@type":"Organization","@id":"https:\/\/rezycl.com\/no\/#organization","name":"Rezycl","url":"https:\/\/rezycl.com\/no\/","logo":{"@type":"ImageObject","inLanguage":"nb-NO","@id":"https:\/\/rezycl.com\/no\/#\/schema\/logo\/image\/","url":"\/wp-content\/uploads\/2024\/03\/Rezycl-Web.png","contentUrl":"\/wp-content\/uploads\/2024\/03\/Rezycl-Web.png","width":800,"height":266,"caption":"Rezycl"},"image":{"@id":"https:\/\/rezycl.com\/no\/#\/schema\/logo\/image\/"},"sameAs":["https:\/\/www.linkedin.com\/company\/rezycl\/"]}]}},"_links":{"self":[{"href":"https:\/\/rezycl.com\/no\/wp-json\/wp\/v2\/pages\/583","targetHints":{"allow":["GET"]}}],"collection":[{"href":"https:\/\/rezycl.com\/no\/wp-json\/wp\/v2\/pages"}],"about":[{"href":"https:\/\/rezycl.com\/no\/wp-json\/wp\/v2\/types\/page"}],"author":[{"embeddable":true,"href":"https:\/\/rezycl.com\/no\/wp-json\/wp\/v2\/users\/1"}],"replies":[{"embeddable":true,"href":"https:\/\/rezycl.com\/no\/wp-json\/wp\/v2\/comments?post=583"}],"version-history":[{"count":6,"href":"https:\/\/rezycl.com\/no\/wp-json\/wp\/v2\/pages\/583\/revisions"}],"predecessor-version":[{"id":599,"href":"https:\/\/rezycl.com\/no\/wp-json\/wp\/v2\/pages\/583\/revisions\/599"}],"wp:attachment":[{"href":"https:\/\/rezycl.com\/no\/wp-json\/wp\/v2\/media?parent=583"}],"curies":[{"name":"wp","href":"https:\/\/api.w.org\/{rel}","templated":true}]}}