{"id":733,"date":"2024-05-06T10:15:13","date_gmt":"2024-05-06T08:15:13","guid":{"rendered":"https:\/\/rezycl.com\/testimonials\/"},"modified":"2025-02-09T11:09:54","modified_gmt":"2025-02-09T10:09:54","slug":"testimonials","status":"publish","type":"page","link":"https:\/\/rezycl.com\/no\/testimonials\/","title":{"rendered":"Testimonials"},"content":{"rendered":"<p><div class=\"fusion-fullwidth fullwidth-box fusion-builder-row-1 fusion-flex-container has-pattern-background has-mask-background fusion-parallax-fixed nonhundred-percent-fullwidth non-hundred-percent-height-scrolling\" style=\"--awb-background-blend-mode:multiply;--awb-border-radius-top-left:0px;--awb-border-radius-top-right:0px;--awb-border-radius-bottom-right:0px;--awb-border-radius-bottom-left:0px;--awb-padding-top:10%;--awb-padding-bottom:8%;--awb-padding-top-small:35%;--awb-padding-bottom-small:35%;--awb-margin-top:-80px;--awb-margin-top-small:0px;--awb-background-color:hsla(var(--awb-color6-h),var(--awb-color6-s),var(--awb-color6-l),calc(var(--awb-color6-a) - 50%));--awb-background-image:linear-gradient(0deg, hsla(var(--awb-color4-h),var(--awb-color4-s),var(--awb-color4-l),calc(var(--awb-color4-a) - 50%)) 0%,hsla(var(--awb-color5-h),var(--awb-color5-s),calc(var(--awb-color5-l) - 20%),calc(var(--awb-color5-a) - 50%)) 100%),url(\/wp-content\/uploads\/2024\/02\/supahflydk_A_data_analyst_looking_at_his_massive_futuristic_scr_b79e3773-fb3f-4d7f-9f43-044c7ce5e8bd.png);;--awb-background-size:cover;--awb-flex-wrap:wrap;background-attachment:fixed;\" ><div class=\"fusion-builder-row fusion-row fusion-flex-align-items-center fusion-flex-align-content-center fusion-flex-content-wrap\" style=\"max-width:1456px;margin-left: calc(-4% \/ 2 );margin-right: calc(-4% \/ 2 );\"><div class=\"fusion-layout-column fusion_builder_column fusion-builder-column-0 fusion_builder_column_1_1 1_1 fusion-flex-column\" style=\"--awb-bg-size:cover;--awb-width-large:100%;--awb-margin-top-large:0px;--awb-spacing-right-large:1.92%;--awb-margin-bottom-large:-20px;--awb-spacing-left-large:1.92%;--awb-width-medium:100%;--awb-order-medium:0;--awb-spacing-right-medium:1.92%;--awb-spacing-left-medium:1.92%;--awb-width-small:100%;--awb-order-small:0;--awb-spacing-right-small:1.92%;--awb-spacing-left-small:1.92%;\"><div class=\"fusion-column-wrapper fusion-column-has-shadow fusion-flex-justify-content-flex-start fusion-content-layout-column\"><div class=\"fusion-image-element sm-text-align-left fusion-no-medium-visibility fusion-no-large-visibility\" style=\"--awb-max-width:150px;--awb-caption-title-font-family:var(--h2_typography-font-family);--awb-caption-title-font-weight:var(--h2_typography-font-weight);--awb-caption-title-font-style:var(--h2_typography-font-style);--awb-caption-title-size:var(--h2_typography-font-size);--awb-caption-title-transform:var(--h2_typography-text-transform);--awb-caption-title-line-height:var(--h2_typography-line-height);--awb-caption-title-letter-spacing:var(--h2_typography-letter-spacing);\"><span class=\" fusion-imageframe imageframe-none imageframe-1 hover-type-none\"><a class=\"fusion-no-lightbox\" href=\"https:\/\/rezycl.com\/no\/\" target=\"_self\" aria-label=\"Rezycl logo\"><img decoding=\"async\" src=\"https:\/\/rezycl.com\/wp-content\/uploads\/2023\/12\/Rezycl-logo-negative.svg\" alt class=\"img-responsive wp-image-80\"\/><\/a><\/span><\/div><div class=\"fusion-title title fusion-title-1 fusion-no-small-visibility fusion-sep-none fusion-title-text fusion-title-size-one fusion-animated\" style=\"--awb-text-color:var(--awb-color1);--awb-margin-bottom:0px;--awb-font-size:50px;\" data-animationType=\"fadeInLeft\" data-animationDuration=\"1.0\" data-animationOffset=\"top-into-view\"><h1 class=\"fusion-title-heading title-heading-left fusion-responsive-typography-calculated\" style=\"font-family:&quot;Poppins&quot;;font-style:normal;font-weight:700;margin:0;font-size:1em;--fontSize:50;line-height:var(--awb-typography1-line-height);\">Her kan du lese om fordelene og kostnadsbesparelsene kundene v\u00e5re oppn\u00e5r ved \u00e5 bruke Rezycl.<\/h1><\/div><div class=\"fusion-title title fusion-title-2 fusion-no-medium-visibility fusion-no-large-visibility fusion-sep-none fusion-title-text fusion-title-size-one fusion-animated\" style=\"--awb-text-color:var(--awb-color1);--awb-margin-bottom:0px;--awb-font-size:32px;\" data-animationType=\"fadeInLeft\" data-animationDuration=\"1.0\" data-animationOffset=\"top-into-view\"><h1 class=\"fusion-title-heading title-heading-left fusion-responsive-typography-calculated\" style=\"font-family:&quot;Poppins&quot;;font-style:normal;font-weight:700;margin:0;font-size:1em;--fontSize:32;line-height:var(--awb-typography1-line-height);\">Her kan du lese om fordelene og kostnadsbesparelsene kundene v\u00e5re oppn\u00e5r ved \u00e5 bruke Rezycl.<\/h1><\/div><\/div><\/div><\/div><\/div><div class=\"fusion-fullwidth fullwidth-box fusion-builder-row-2 fusion-flex-container has-pattern-background has-mask-background nonhundred-percent-fullwidth non-hundred-percent-height-scrolling\" style=\"--awb-border-radius-top-left:0px;--awb-border-radius-top-right:0px;--awb-border-radius-bottom-right:0px;--awb-border-radius-bottom-left:0px;--awb-padding-top:70px;--awb-padding-bottom:50px;--awb-flex-wrap:wrap;\" ><div class=\"fusion-builder-row fusion-row fusion-flex-align-items-flex-start fusion-flex-content-wrap\" style=\"max-width:1456px;margin-left: calc(-4% \/ 2 );margin-right: calc(-4% \/ 2 );\"><div class=\"fusion-layout-column fusion_builder_column fusion-builder-column-1 fusion_builder_column_1_1 1_1 fusion-flex-column\" style=\"--awb-bg-size:cover;--awb-width-large:100%;--awb-margin-top-large:0px;--awb-spacing-right-large:1.92%;--awb-margin-bottom-large:20px;--awb-spacing-left-large:1.92%;--awb-width-medium:100%;--awb-order-medium:0;--awb-spacing-right-medium:1.92%;--awb-spacing-left-medium:1.92%;--awb-width-small:100%;--awb-order-small:0;--awb-spacing-right-small:1.92%;--awb-spacing-left-small:1.92%;\"><div class=\"fusion-column-wrapper fusion-column-has-shadow fusion-flex-justify-content-flex-start fusion-content-layout-column\"><div class=\"fusion-post-cards fusion-post-cards-1 fusion-grid-archive fusion-grid-columns-2\" style=\"--awb-dots-align:center;--awb-columns:2;--awb-active-filter-border-size:3px;--awb-filters-height:36px;\"><ul class=\"fusion-grid fusion-grid-2 fusion-flex-align-items-flex-start fusion-grid-posts-cards\"><li class=\"fusion-layout-column fusion_builder_column fusion-builder-column-2 fusion-flex-column post-card fusion-grid-column fusion-post-cards-grid-column\" style=\"--awb-padding-top:15px;--awb-padding-right:10px;--awb-padding-bottom:10px;--awb-padding-left:10px;--awb-overflow:hidden;--awb-bg-color:var(--awb-color3);--awb-bg-color-hover:var(--awb-color3);--awb-bg-size:cover;--awb-border-radius:15px 15px 15px 15px;\"><div class=\"fusion-column-wrapper fusion-flex-justify-content-flex-start fusion-content-layout-column\"><div class=\"fusion-title title fusion-title-3 fusion-sep-none fusion-title-text fusion-title-size-two\" style=\"--awb-margin-right:10px;--awb-margin-left:10px;--awb-font-size:32px;\"><h2 class=\"fusion-title-heading title-heading-left fusion-responsive-typography-calculated\" style=\"margin:0;font-size:1em;--fontSize:32;line-height:var(--awb-typography1-line-height);\">NREP sparer penger med Rezycl<\/h2><\/div><div class=\"fusion-content-tb fusion-content-tb-1\" style=\"--awb-margin-left:10px;--awb-margin-right:10px;\"><p> For \u00e5 m\u00f8te de \u00f8kende kravene til avfallsh\u00e5ndtering, bruker eiendomsinvesteringsselskapet NREP Rezycl. For i dag er avfall ikke lenger bare avfall. Dette forteller Kristian Stelzig, driftsleder i NREP, som blant annet driver 20 kj\u00f8pesentre i Danmark. \"Vi opplever en stor \u00f8kning i ettersp\u00f8rselen etter dokumentasjon av v\u00e5r avfallsh\u00e5ndtering. Samtidig [...]<\/p><\/div><div ><a class=\"fusion-button button-flat fusion-button-default-size button-default fusion-button-default button-1 fusion-button-default-span fusion-button-default-type\" style=\"--button_margin-right:10px;--button_margin-bottom:25px;--button_margin-left:10px;\" target=\"_self\" href=\"https:\/\/rezycl.com\/no\/testimonials\/nrep-saves-money-with-rezycl\/\"><span class=\"fusion-button-text awb-button__text awb-button__text--default\">Read the full testimonial<\/span><\/a><\/div><\/div><\/li>\n<li class=\"fusion-layout-column fusion_builder_column fusion-builder-column-3 fusion-flex-column post-card fusion-grid-column fusion-post-cards-grid-column\" style=\"--awb-padding-top:15px;--awb-padding-right:10px;--awb-padding-bottom:10px;--awb-padding-left:10px;--awb-overflow:hidden;--awb-bg-color:var(--awb-color3);--awb-bg-color-hover:var(--awb-color3);--awb-bg-size:cover;--awb-border-radius:15px 15px 15px 15px;\"><div class=\"fusion-column-wrapper fusion-flex-justify-content-flex-start fusion-content-layout-column\"><div class=\"fusion-title title fusion-title-4 fusion-sep-none fusion-title-text fusion-title-size-two\" style=\"--awb-margin-right:10px;--awb-margin-left:10px;--awb-font-size:32px;\"><h2 class=\"fusion-title-heading title-heading-left fusion-responsive-typography-calculated\" style=\"margin:0;font-size:1em;--fontSize:32;line-height:var(--awb-typography1-line-height);\">Nytt avfallsh\u00e5ndteringssystem sparer kommunen 250 000 DKK \u00e5rlig<\/h2><\/div><div class=\"fusion-content-tb fusion-content-tb-2\" style=\"--awb-margin-left:10px;--awb-margin-right:10px;\"><p> Ved \u00e5 bytte til Rezycl sparer tre danske kommuner tid og penger i prosessen med \u00e5 t\u00f8mme containere p\u00e5 gjenvinningsstasjoner. De \u00f8kende kravene fra myndighetene om samsvar og dataregistrering betyr at nye l\u00f8sninger dukker opp. Samtidig er det betydelige besparelser \u00e5 hente hvis det gj\u00f8res riktig. Dette forteller Peter [...]<\/p><\/div><div ><a class=\"fusion-button button-flat fusion-button-default-size button-default fusion-button-default button-2 fusion-button-default-span fusion-button-default-type\" style=\"--button_margin-right:10px;--button_margin-bottom:25px;--button_margin-left:10px;\" target=\"_self\" href=\"https:\/\/rezycl.com\/no\/testimonials\/new-waste-management-system-saves-municipality-250000-dkk-annually\/\"><span class=\"fusion-button-text awb-button__text awb-button__text--default\">Read the full testimonial<\/span><\/a><\/div><\/div><\/li>\n<\/ul><\/div><\/div><\/div><\/div><\/div><div class=\"fusion-fullwidth fullwidth-box fusion-builder-row-3 fusion-flex-container has-pattern-background has-mask-background nonhundred-percent-fullwidth non-hundred-percent-height-scrolling\" style=\"--awb-border-radius-top-left:0px;--awb-border-radius-top-right:0px;--awb-border-radius-bottom-right:0px;--awb-border-radius-bottom-left:0px;--awb-padding-top:80px;--awb-padding-bottom:60px;--awb-background-color:var(--awb-color3);--awb-flex-wrap:wrap;\" ><div class=\"fusion-builder-row fusion-row fusion-flex-align-items-flex-start fusion-flex-content-wrap\" style=\"max-width:1456px;margin-left: calc(-4% \/ 2 );margin-right: calc(-4% \/ 2 );\"><div class=\"fusion-layout-column fusion_builder_column fusion-builder-column-4 fusion_builder_column_1_1 1_1 fusion-flex-column\" style=\"--awb-bg-size:cover;--awb-width-large:100%;--awb-margin-top-large:0px;--awb-spacing-right-large:1.92%;--awb-margin-bottom-large:20px;--awb-spacing-left-large:1.92%;--awb-width-medium:100%;--awb-order-medium:0;--awb-spacing-right-medium:1.92%;--awb-spacing-left-medium:1.92%;--awb-width-small:100%;--awb-order-small:0;--awb-spacing-right-small:1.92%;--awb-spacing-left-small:1.92%;\"><div class=\"fusion-column-wrapper fusion-column-has-shadow fusion-flex-justify-content-flex-start fusion-content-layout-column\"><div class=\"fusion-title title fusion-title-5 fusion-sep-none fusion-title-center fusion-title-text fusion-title-size-two\"><h2 class=\"fusion-title-heading title-heading-center fusion-responsive-typography-calculated\" style=\"margin:0;--fontSize:48;line-height:var(--awb-typography1-line-height);\"><div class=\"flex-shrink-0 flex flex-col relative items-end\">\n<div class=\"pt-0\">\n<div class=\"gizmo-bot-avatar flex h-8 w-8 items-center justify-center overflow-hidden rounded-full\">\n<div class=\"relative p-1 rounded-sm flex items-center justify-center bg-token-main-surface-primary text-token-text-primary h-8 w-8\">Klar for \u00e5 komme om bord? Ta kontakt!<\/div>\n<\/div>\n<\/div>\n<\/div><\/h2><\/div><\/div><\/div><div class=\"fusion-layout-column fusion_builder_column fusion-builder-column-5 fusion_builder_column_1_1 1_1 fusion-flex-column\" style=\"--awb-bg-size:cover;--awb-width-large:100%;--awb-margin-top-large:0px;--awb-spacing-right-large:1.92%;--awb-margin-bottom-large:20px;--awb-spacing-left-large:1.92%;--awb-width-medium:100%;--awb-order-medium:0;--awb-spacing-right-medium:1.92%;--awb-spacing-left-medium:1.92%;--awb-width-small:100%;--awb-order-small:0;--awb-spacing-right-small:1.92%;--awb-spacing-left-small:1.92%;\"><div class=\"fusion-column-wrapper fusion-column-has-shadow fusion-flex-justify-content-flex-start fusion-content-layout-column\"><div class=\"fusion-text fusion-text-1 fusion-text-no-margin\" style=\"--awb-content-alignment:center;--awb-margin-bottom:30px;\"><p><span style=\"font-weight: 400;\">V\u00e5r onboarding-prosess er rask og enkel, og vi er klare til \u00e5 hjelpe deg med \u00e5 komme i gang allerede i dag. Trykk bare p\u00e5 knappen nedenfor for \u00e5 komme i kontakt med oss.<\/span><\/p>\n<\/div><div style=\"text-align:center;\"><a class=\"fusion-button button-flat button-xlarge button-custom fusion-button-default button-3 fusion-button-default-span fusion-button-default-type\" style=\"--button_accent_color:var(--awb-color1);--button_accent_hover_color:var(--awb-color1);--button_border_hover_color:var(--awb-color1);--button_border_width-top:2px;--button_border_width-right:2px;--button_border_width-bottom:2px;--button_border_width-left:2px;--button_gradient_top_color:var(--awb-color4);--button_gradient_bottom_color:var(--awb-color4);--button_gradient_top_color_hover:hsla(var(--awb-color4-h),calc(var(--awb-color4-s) - 5%),calc(var(--awb-color4-l) - 10%),var(--awb-color4-a));--button_gradient_bottom_color_hover:hsla(var(--awb-color4-h),calc(var(--awb-color4-s) - 5%),calc(var(--awb-color4-l) - 10%),var(--awb-color4-a));\" target=\"_self\" href=\"https:\/\/rezycl.com\/no\/contact\/\"><span class=\"fusion-button-text awb-button__text awb-button__text--default\">La oss sette i gang!<\/span><\/a><\/div><\/div><\/div><\/div><\/div><\/p>\n","protected":false},"excerpt":{"rendered":"","protected":false},"author":1,"featured_media":0,"parent":0,"menu_order":0,"comment_status":"closed","ping_status":"closed","template":"100-width.php","meta":{"footnotes":""},"class_list":["post-733","page","type-page","status-publish","hentry"],"yoast_head":"<!-- This site is optimized with the Yoast SEO plugin v25.6 - https:\/\/yoast.com\/wordpress\/plugins\/seo\/ -->\n<title>Testimonials - Rezycl<\/title>\n<meta name=\"robots\" content=\"index, follow, max-snippet:-1, max-image-preview:large, max-video-preview:-1\" \/>\n<link rel=\"canonical\" href=\"https:\/\/rezycl.com\/no\/testimonials\/\" \/>\n<meta property=\"og:locale\" content=\"nb_NO\" \/>\n<meta property=\"og:type\" content=\"article\" \/>\n<meta property=\"og:title\" content=\"Testimonials - Rezycl\" \/>\n<meta property=\"og:url\" content=\"https:\/\/rezycl.com\/no\/testimonials\/\" \/>\n<meta property=\"og:site_name\" content=\"Rezycl\" \/>\n<meta property=\"article:modified_time\" content=\"2025-02-09T10:09:54+00:00\" \/>\n<meta name=\"twitter:card\" content=\"summary_large_image\" \/>\n<meta name=\"twitter:label1\" content=\"Ansl. lesetid\" \/>\n\t<meta name=\"twitter:data1\" content=\"2 minutter\" \/>\n<script type=\"application\/ld+json\" class=\"yoast-schema-graph\">{\"@context\":\"https:\/\/schema.org\",\"@graph\":[{\"@type\":\"WebPage\",\"@id\":\"https:\/\/rezycl.com\/no\/testimonials\/\",\"url\":\"https:\/\/rezycl.com\/no\/testimonials\/\",\"name\":\"Testimonials - Rezycl\",\"isPartOf\":{\"@id\":\"https:\/\/rezycl.com\/no\/#website\"},\"datePublished\":\"2024-05-06T08:15:13+00:00\",\"dateModified\":\"2025-02-09T10:09:54+00:00\",\"breadcrumb\":{\"@id\":\"https:\/\/rezycl.com\/no\/testimonials\/#breadcrumb\"},\"inLanguage\":\"nb-NO\",\"potentialAction\":[{\"@type\":\"ReadAction\",\"target\":[\"https:\/\/rezycl.com\/no\/testimonials\/\"]}]},{\"@type\":\"BreadcrumbList\",\"@id\":\"https:\/\/rezycl.com\/no\/testimonials\/#breadcrumb\",\"itemListElement\":[{\"@type\":\"ListItem\",\"position\":1,\"name\":\"Home\",\"item\":\"https:\/\/rezycl.com\/no\/\"},{\"@type\":\"ListItem\",\"position\":2,\"name\":\"Testimonials\"}]},{\"@type\":\"WebSite\",\"@id\":\"https:\/\/rezycl.com\/no\/#website\",\"url\":\"https:\/\/rezycl.com\/no\/\",\"name\":\"Rezycl\",\"description\":\"Your Waste Management System\",\"publisher\":{\"@id\":\"https:\/\/rezycl.com\/no\/#organization\"},\"potentialAction\":[{\"@type\":\"SearchAction\",\"target\":{\"@type\":\"EntryPoint\",\"urlTemplate\":\"https:\/\/rezycl.com\/no\/?s={search_term_string}\"},\"query-input\":{\"@type\":\"PropertyValueSpecification\",\"valueRequired\":true,\"valueName\":\"search_term_string\"}}],\"inLanguage\":\"nb-NO\"},{\"@type\":\"Organization\",\"@id\":\"https:\/\/rezycl.com\/no\/#organization\",\"name\":\"Rezycl\",\"url\":\"https:\/\/rezycl.com\/no\/\",\"logo\":{\"@type\":\"ImageObject\",\"inLanguage\":\"nb-NO\",\"@id\":\"https:\/\/rezycl.com\/no\/#\/schema\/logo\/image\/\",\"url\":\"\/wp-content\/uploads\/2024\/03\/Rezycl-Web.png\",\"contentUrl\":\"\/wp-content\/uploads\/2024\/03\/Rezycl-Web.png\",\"width\":800,\"height\":266,\"caption\":\"Rezycl\"},\"image\":{\"@id\":\"https:\/\/rezycl.com\/no\/#\/schema\/logo\/image\/\"},\"sameAs\":[\"https:\/\/www.linkedin.com\/company\/rezycl\/\"]}]}<\/script>\n<!-- \/ Yoast SEO plugin. -->","yoast_head_json":{"title":"Testimonials - Rezycl","robots":{"index":"index","follow":"follow","max-snippet":"max-snippet:-1","max-image-preview":"max-image-preview:large","max-video-preview":"max-video-preview:-1"},"canonical":"https:\/\/rezycl.com\/no\/testimonials\/","og_locale":"nb_NO","og_type":"article","og_title":"Testimonials - Rezycl","og_url":"https:\/\/rezycl.com\/no\/testimonials\/","og_site_name":"Rezycl","article_modified_time":"2025-02-09T10:09:54+00:00","twitter_card":"summary_large_image","twitter_misc":{"Ansl. lesetid":"2 minutter"},"schema":{"@context":"https:\/\/schema.org","@graph":[{"@type":"WebPage","@id":"https:\/\/rezycl.com\/no\/testimonials\/","url":"https:\/\/rezycl.com\/no\/testimonials\/","name":"Testimonials - Rezycl","isPartOf":{"@id":"https:\/\/rezycl.com\/no\/#website"},"datePublished":"2024-05-06T08:15:13+00:00","dateModified":"2025-02-09T10:09:54+00:00","breadcrumb":{"@id":"https:\/\/rezycl.com\/no\/testimonials\/#breadcrumb"},"inLanguage":"nb-NO","potentialAction":[{"@type":"ReadAction","target":["https:\/\/rezycl.com\/no\/testimonials\/"]}]},{"@type":"BreadcrumbList","@id":"https:\/\/rezycl.com\/no\/testimonials\/#breadcrumb","itemListElement":[{"@type":"ListItem","position":1,"name":"Home","item":"https:\/\/rezycl.com\/no\/"},{"@type":"ListItem","position":2,"name":"Testimonials"}]},{"@type":"WebSite","@id":"https:\/\/rezycl.com\/no\/#website","url":"https:\/\/rezycl.com\/no\/","name":"Rezycl","description":"Your Waste Management System","publisher":{"@id":"https:\/\/rezycl.com\/no\/#organization"},"potentialAction":[{"@type":"SearchAction","target":{"@type":"EntryPoint","urlTemplate":"https:\/\/rezycl.com\/no\/?s={search_term_string}"},"query-input":{"@type":"PropertyValueSpecification","valueRequired":true,"valueName":"search_term_string"}}],"inLanguage":"nb-NO"},{"@type":"Organization","@id":"https:\/\/rezycl.com\/no\/#organization","name":"Rezycl","url":"https:\/\/rezycl.com\/no\/","logo":{"@type":"ImageObject","inLanguage":"nb-NO","@id":"https:\/\/rezycl.com\/no\/#\/schema\/logo\/image\/","url":"\/wp-content\/uploads\/2024\/03\/Rezycl-Web.png","contentUrl":"\/wp-content\/uploads\/2024\/03\/Rezycl-Web.png","width":800,"height":266,"caption":"Rezycl"},"image":{"@id":"https:\/\/rezycl.com\/no\/#\/schema\/logo\/image\/"},"sameAs":["https:\/\/www.linkedin.com\/company\/rezycl\/"]}]}},"_links":{"self":[{"href":"https:\/\/rezycl.com\/no\/wp-json\/wp\/v2\/pages\/733","targetHints":{"allow":["GET"]}}],"collection":[{"href":"https:\/\/rezycl.com\/no\/wp-json\/wp\/v2\/pages"}],"about":[{"href":"https:\/\/rezycl.com\/no\/wp-json\/wp\/v2\/types\/page"}],"author":[{"embeddable":true,"href":"https:\/\/rezycl.com\/no\/wp-json\/wp\/v2\/users\/1"}],"replies":[{"embeddable":true,"href":"https:\/\/rezycl.com\/no\/wp-json\/wp\/v2\/comments?post=733"}],"version-history":[{"count":2,"href":"https:\/\/rezycl.com\/no\/wp-json\/wp\/v2\/pages\/733\/revisions"}],"predecessor-version":[{"id":815,"href":"https:\/\/rezycl.com\/no\/wp-json\/wp\/v2\/pages\/733\/revisions\/815"}],"wp:attachment":[{"href":"https:\/\/rezycl.com\/no\/wp-json\/wp\/v2\/media?parent=733"}],"curies":[{"name":"wp","href":"https:\/\/api.w.org\/{rel}","templated":true}]}}