{"id":541,"date":"2024-03-18T08:17:30","date_gmt":"2024-03-18T07:17:30","guid":{"rendered":"https:\/\/rezycl.com\/handelsvillkor\/"},"modified":"2024-10-31T09:29:53","modified_gmt":"2024-10-31T08:29:53","slug":"handelsvillkor","status":"publish","type":"page","link":"https:\/\/rezycl.com\/sv\/handelsvillkor\/","title":{"rendered":"Handelsvillkor"},"content":{"rendered":"<p><div class=\"fusion-fullwidth fullwidth-box fusion-builder-row-1 fusion-flex-container has-pattern-background has-mask-background nonhundred-percent-fullwidth non-hundred-percent-height-scrolling\" style=\"--awb-border-radius-top-left:0px;--awb-border-radius-top-right:0px;--awb-border-radius-bottom-right:0px;--awb-border-radius-bottom-left:0px;--awb-padding-top:100px;--awb-padding-bottom:60px;--awb-padding-top-small:35%;--awb-padding-bottom-small:35%;--awb-margin-top:-80px;--awb-margin-top-small:0px;--awb-background-image:linear-gradient(0deg, hsla(var(--awb-color4-h),var(--awb-color4-s),var(--awb-color4-l),calc(var(--awb-color4-a) - 50%)) 0%,hsla(var(--awb-color5-h),var(--awb-color5-s),calc(var(--awb-color5-l) - 20%),calc(var(--awb-color5-a) - 50%)) 100%);--awb-flex-wrap:wrap;\" ><div class=\"fusion-builder-row fusion-row fusion-flex-align-items-center fusion-flex-align-content-center fusion-flex-content-wrap\" style=\"max-width:1456px;margin-left: calc(-4% \/ 2 );margin-right: calc(-4% \/ 2 );\"><div class=\"fusion-layout-column fusion_builder_column fusion-builder-column-0 fusion_builder_column_1_2 1_2 fusion-flex-column\" style=\"--awb-bg-size:cover;--awb-width-large:50%;--awb-margin-top-large:0px;--awb-spacing-right-large:3.84%;--awb-margin-bottom-large:-20px;--awb-spacing-left-large:3.84%;--awb-width-medium:50%;--awb-order-medium:0;--awb-spacing-right-medium:3.84%;--awb-spacing-left-medium:3.84%;--awb-width-small:100%;--awb-order-small:0;--awb-spacing-right-small:1.92%;--awb-spacing-left-small:1.92%;\"><div class=\"fusion-column-wrapper fusion-column-has-shadow fusion-flex-justify-content-flex-start fusion-content-layout-column\"><div class=\"fusion-image-element sm-text-align-left fusion-no-medium-visibility fusion-no-large-visibility\" style=\"--awb-max-width:150px;--awb-caption-title-font-family:var(--h2_typography-font-family);--awb-caption-title-font-weight:var(--h2_typography-font-weight);--awb-caption-title-font-style:var(--h2_typography-font-style);--awb-caption-title-size:var(--h2_typography-font-size);--awb-caption-title-transform:var(--h2_typography-text-transform);--awb-caption-title-line-height:var(--h2_typography-line-height);--awb-caption-title-letter-spacing:var(--h2_typography-letter-spacing);\"><span class=\" fusion-imageframe imageframe-none imageframe-1 hover-type-none\"><a class=\"fusion-no-lightbox\" href=\"https:\/\/rezycl.com\/sv\/\" target=\"_self\" aria-label=\"Rezycl logo\"><img decoding=\"async\" src=\"https:\/\/rezycl.com\/wp-content\/uploads\/2023\/12\/Rezycl-logo-negative.svg\" alt class=\"img-responsive wp-image-514\"\/><\/a><\/span><\/div><div class=\"fusion-title title fusion-title-1 fusion-sep-none fusion-title-text fusion-title-size-one fusion-animated\" style=\"--awb-text-color:var(--awb-color1);--awb-margin-bottom:0px;--awb-font-size:75px;\" data-animationType=\"fadeInLeft\" data-animationDuration=\"1.0\" data-animationOffset=\"top-into-view\"><h1 class=\"fusion-title-heading title-heading-left fusion-responsive-typography-calculated\" style=\"font-family:&quot;Poppins&quot;;font-style:normal;font-weight:700;margin:0;font-size:1em;--fontSize:75;line-height:var(--awb-typography1-line-height);\">Handelsvillkor<\/h1><\/div><\/div><\/div><\/div><\/div><div class=\"fusion-fullwidth fullwidth-box fusion-builder-row-2 fusion-flex-container has-pattern-background has-mask-background nonhundred-percent-fullwidth non-hundred-percent-height-scrolling\" style=\"--awb-border-radius-top-left:0px;--awb-border-radius-top-right:0px;--awb-border-radius-bottom-right:0px;--awb-border-radius-bottom-left:0px;--awb-padding-top:80px;--awb-padding-bottom:60px;--awb-flex-wrap:wrap;\" ><div class=\"fusion-builder-row fusion-row fusion-flex-align-items-flex-start fusion-flex-content-wrap\" style=\"max-width:1456px;margin-left: calc(-4% \/ 2 );margin-right: calc(-4% \/ 2 );\"><div class=\"fusion-layout-column fusion_builder_column fusion-builder-column-1 fusion_builder_column_1_1 1_1 fusion-flex-column\" style=\"--awb-bg-size:cover;--awb-width-large:100%;--awb-margin-top-large:0px;--awb-spacing-right-large:1.92%;--awb-margin-bottom-large:20px;--awb-spacing-left-large:1.92%;--awb-width-medium:100%;--awb-order-medium:0;--awb-spacing-right-medium:1.92%;--awb-spacing-left-medium:1.92%;--awb-width-small:100%;--awb-order-small:0;--awb-spacing-right-small:1.92%;--awb-spacing-left-small:1.92%;\"><div class=\"fusion-column-wrapper fusion-column-has-shadow fusion-flex-justify-content-flex-start fusion-content-layout-column\"><div class=\"fusion-text fusion-text-1\"><p><span style=\"font-weight: 400;\">Version 1.4 \u2013 April 2017<\/span><\/p>\n<p><b>Avtalegrund<\/b><b><br \/>\n<\/b><span style=\"font-weight: 400;\">1.1 Dessa villkor g\u00e4ller f\u00f6r aff\u00e4rsbest\u00e4llningar och k\u00f6p hos Rezycl. Parternas abonnemangsavtal, Rezycls offert, Rezycls faktura och dessa handelsvillkor utg\u00f6r hela avtalsunderlaget.<\/span><\/p>\n<p><span style=\"font-weight: 400;\">1.2 Parterna kan avvika fr\u00e5n dessa handelsvillkor, men avvikelser m\u00e5ste anges i abonnemangsavtalet. Avtal och villkor som inte n\u00e4mns i abonnemangsavtalet grundar sig p\u00e5 dessa handelsvillkor, som d\u00e5 g\u00e4ller.<\/span><\/p>\n<p><span style=\"font-weight: 400;\">1.3 Vid inkonsekvenser i avtalsunderlaget har parternas abonnemangsavtal, dessa handelsvillkor, Rezycls faktura och Rezycls offert f\u00f6retr\u00e4de i n\u00e4mnd ordning.<\/span><\/p>\n<p><span style=\"font-weight: 400;\">1.4 Rezycl accepterar endast kundens eventuella ink\u00f6psvillkor om detta har godk\u00e4nts skriftligt av Rezycl. Vid avvikelser mellan Rezycls och kundens villkor har Rezycls handelsvillkor f\u00f6retr\u00e4de, s\u00e5vida annat inte har avtalats i abonnemangsavtalet.<\/span><\/p>\n<p><b>Ing\u00e5else av abonnemangsavtal<\/b><\/p>\n<p><span style=\"font-weight: 400;\">2.1 En best\u00e4llning \u00e4r endast bindande f\u00f6r Rezycl n\u00e4r kunden har mottagit ett skriftligt eller elektroniskt undertecknat abonnemangsavtal.<\/span><\/p>\n<p><span style=\"font-weight: 400;\">2.2 Offert fr\u00e5n Rezycl \u00e4r endast bindande f\u00f6r Rezycl n\u00e4r en motsvarande accept har mottagits fr\u00e5n kunden inom 8 dagar efter att offerten utf\u00e4rdats.<\/span><\/p>\n<p><span style=\"font-weight: 400;\">2.3 Uppgifter fr\u00e5n Rezycl om pris, leverans, funktioner, kapacitet och tekniska data \u00e4r endast v\u00e4gledande och utg\u00f6r ingen garanti. Rezycl \u00e4r inte ansvarig f\u00f6r om den levererade produkten uppfyller k\u00f6parens behov eller avsedda anv\u00e4ndning.<\/span><\/p>\n<p><b>Leverans<\/b><b><br \/>\n<\/b><span style=\"font-weight: 400;\">3.1 Om inget annat har avtalats, sker leverans inom rimlig tid efter att avtalet ing\u00e5tts via Rezycls webbplats eller Rezycls leverant\u00f6r. Rezycl kan utf\u00f6ra successiv leverans och fakturering. Leverans anses ha skett n\u00e4r Rezycl har \u00f6ppnat kundens \u00e5tkomst till abonnemanget\/tj\u00e4nsten eller meddelat kunden att abonnemanget\/tj\u00e4nsten \u00e4r tillg\u00e4nglig. Kundens \u00f6nskem\u00e5l om \u00e4ndringar eller till\u00e4ggsk\u00f6p kan f\u00f6rl\u00e4nga den totala leveranstiden.<\/span><\/p>\n<p><span style=\"font-weight: 400;\">3.2 Rezycl kan erbjuda leverans, installation och upps\u00e4ttning mot avgift.<\/span><\/p>\n<p><b>Priser<\/b><b><br \/>\n<\/b><span style=\"font-weight: 400;\">4.1 Priser anges exklusive leveranskostnader, avgifter, moms och andra p\u00e5lagor. Fram till dess att leveransen har genomf\u00f6rts kan Rezycl h\u00f6ja priserna p\u00e5 grund av f\u00f6r\u00e4ndringar i valutakurser, ink\u00f6pspriser, tull, skatter, frakt, f\u00f6rs\u00e4kring och andra f\u00f6rh\u00e5llanden som ligger utanf\u00f6r Rezycls kontroll.<\/span><\/p>\n<p><span style=\"font-weight: 400;\">4.2 Priset f\u00f6r programvaran\/tj\u00e4nsten och abonnemanget f\u00f6ljer Rezycls g\u00e4llande prislista, om inget annat har avtalats i k\u00f6peavtalet.<\/span><\/p>\n<p><span style=\"font-weight: 400;\">4.3 Det angivna priset vid avtalets ing\u00e5ende kan \u2013 ut\u00f6ver de situationer som n\u00e4mns i punkt 4.1 \u2013 \u00e4ndras av Rezycl med 30 dagars varsel till m\u00e5nadens slut. Meddelande skickas till den e-postadress som angetts vid k\u00f6p av produkten.<\/span><\/p>\n<p><b>Betalning<\/b><b><br \/>\n<\/b><span style=\"font-weight: 400;\">5.1 Om inget annat har avtalats skriftligt, sker betalning av eventuella startavgifter vid best\u00e4llningstillf\u00e4llet.<\/span><\/p>\n<p><span style=\"font-weight: 400;\">5.2 F\u00f6r betalning av l\u00f6pande tj\u00e4nster\/abonnemang (t.ex. betalning per container\/informationskort) ger kunden Rezycl till\u00e5telse att genomf\u00f6ra transaktioner p\u00e5 kundens betalningskort l\u00f6pande.<\/span><\/p>\n<p><span style=\"font-weight: 400;\">Genom att ing\u00e5 avtalet ger kunden Rezycl till\u00e5telse att genomf\u00f6ra en betalningstransaktion per betalningsperiod (vecka eller m\u00e5nad) s\u00e5 l\u00e4nge avtalet l\u00f6per. Betalningstransaktionen genomf\u00f6rs den sista bankdagen innan en ny betalningsperiod b\u00f6rjar. Rezycl har endast r\u00e4tt att genomf\u00f6ra betalningstransaktioner f\u00f6r beloppet fr\u00e5n den f\u00f6reg\u00e5ende perioden, om inget annat har avtalats i abonnemangsavtalet.<\/span><\/p>\n<p><span style=\"font-weight: 400;\">Eventuella till\u00e4ggsbelopp m\u00e5ste godk\u00e4nnas separat av kunden.<\/span><\/p>\n<p><span style=\"font-weight: 400;\">5.3 Kunden f\u00f6rbinder sig att ta emot fakturor fr\u00e5n Rezycl elektroniskt, t.ex. via e-post eller direkt i ekonomisystemet, om inget annat har avtalats skriftligt.<\/span><\/p>\n<p><span style=\"font-weight: 400;\">5.4 Kunden har m\u00f6jlighet att k\u00f6pa ytterligare tj\u00e4nster, s\u00e5som inf\u00f6rande av historiska data. Priset f\u00f6r dessa tj\u00e4nster avtalas l\u00f6pande och beror p\u00e5 omfattningen av uppgiften. Betalning f\u00f6r dessa tj\u00e4nster ska ske vid utg\u00e5ngen av n\u00e4sta m\u00e5nad, om inget annat har avtalats skriftligt.<\/span><\/p>\n<p><span style=\"font-weight: 400;\">5.5 Om kunden inte har n\u00e5got betalningskort f\u00f6r att betala f\u00f6r tj\u00e4nsten, skickas en faktura i slutet av varje m\u00e5nad med betalningsvillkor netto + 8 dagar. Denna betalningsmetod kan inkludera en faktureringsavgift enligt g\u00e4llande prislista.<\/span><\/p>\n<p><span style=\"font-weight: 400;\">5.6 Avr\u00e4kning sker per container\/informationskort som \u00e4r registrerad i systemet enligt g\u00e4llande prislista, om inget annat har avtalats skriftligt. Prislistan finns tillg\u00e4nglig p\u00e5<\/span><a href=\"http:\/\/www.rezycl.com\"> <span style=\"font-weight: 400;\">www.rezycl.com<\/span><\/a><span style=\"font-weight: 400;\">.<\/span><\/p>\n<p><span style=\"font-weight: 400;\">5.7 Det \u00e4r kundens ansvar att s\u00e4kerst\u00e4lla att antalet containrar\/informationskort registrerade i systemet \u00e4r korrekt, och att f\u00f6rdelningen mellan &#8221;fasta&#8221; och &#8221;p\u00e5 beg\u00e4ran&#8221; ocks\u00e5 \u00e4r korrekt. Kunden \u00e4r ansvarig f\u00f6r att h\u00e5lla informationen uppdaterad.<\/span><\/p>\n<p><span style=\"font-weight: 400;\">5.8 Efter f\u00f6rfallodagen tillkommer r\u00e4nta enligt g\u00e4llande referensr\u00e4nta enligt R\u00e4ntelagen. Kunden kan inte kvitta mot Rezycls betalningskrav, och klagom\u00e5l p\u00e5 f\u00f6rseningar, fel m.m. befriar inte kunden fr\u00e5n betalning vid f\u00f6rfall. Betalning med kreditkort kan vara f\u00f6rem\u00e5l f\u00f6r kort- och administrationsavgift.<\/span><\/p>\n<p><b>Upps\u00e4gning\/Annullering<\/b><b><br \/>\n<\/b><span style=\"font-weight: 400;\">6.1 Ing\u00e5ngna avtal g\u00e4ller tills de s\u00e4gs upp av Rezycl eller kunden. Upps\u00e4gning kan ske med 3 m\u00e5naders varsel fr\u00e5n Rezycls sida och med 6 m\u00e5naders varsel till utg\u00e5ngen av ett kalender\u00e5r fr\u00e5n kundens sida.<\/span><\/p>\n<p><span style=\"font-weight: 400;\">6.2 Om kunden inte betalar en f\u00f6rfallen faktura senast 7 dagar efter mottagandet av en skriftlig beg\u00e4ran \u2013 via brev eller e-post \u2013 fr\u00e5n Rezycl, har Rezycl, f\u00f6rutom r\u00e4nta enligt punkt 5.3, r\u00e4tt att:<\/span><\/p>\n<ol>\n<li><span style=\"font-weight: 400;\">i) annullera f\u00f6rs\u00e4ljningen av den programvara, tj\u00e4nst och det abonnemang som betalningsf\u00f6rseningen avser,<\/span><span style=\"font-weight: 400;\"><br \/>\n<\/span><span style=\"font-weight: 400;\">ii) annullera f\u00f6rs\u00e4ljningen av den programvara, tj\u00e4nst och det abonnemang som \u00e4nnu inte har levererats till kunden, eller kr\u00e4va f\u00f6rskottsbetalning f\u00f6r dessa, och\/eller<\/span><span style=\"font-weight: 400;\"><br \/>\n<\/span><span style=\"font-weight: 400;\">iii) g\u00f6ra g\u00e4llande andra r\u00e4ttigheter vid avtalsbrott.<\/span><\/li>\n<\/ol>\n<p><b>\u00c4gander\u00e4ttsf\u00f6rbeh\u00e5ll och Rezycls immateriella r\u00e4ttigheter<\/b><b><br \/>\n<\/b><span style=\"font-weight: 400;\">7.1 Ut\u00f6ver en icke-exklusiv nyttjander\u00e4tt f\u00f6rv\u00e4rvar kunden inte \u00e4gander\u00e4tt, upphovsr\u00e4tt eller andra immateriella r\u00e4ttigheter till programvaran. Rezycl beh\u00e5ller \u00e4gander\u00e4tten till den levererade programvaran.<\/span><\/p>\n<p><span style=\"font-weight: 400;\">7.2 Alla r\u00e4ttigheter som r\u00f6r Rezycls programvara, inklusive alla villkor, beskrivningar, data, metoder och know-how, tillh\u00f6r enbart Rezycl. Alla upphovsr\u00e4tter, varum\u00e4rken, designr\u00e4tter, patent och andra immateriella r\u00e4ttigheter till och r\u00f6rande Rezycls programvara och Rezycl tillh\u00f6r enbart Rezycl.<\/span><\/p>\n<p><span style=\"font-weight: 400;\">7.3 All form av kopiering, reproduktion eller annan form av efterh\u00e4rmning \u00e4r f\u00f6rbjuden.<\/span><\/p>\n<p><span style=\"font-weight: 400;\">7.4 Rezycl f\u00f6rbeh\u00e5ller sig \u00e4gander\u00e4tten till de data som genereras i systemet.<\/span><\/p>\n<p><span style=\"font-weight: 400;\">7.5 Fr\u00e5n slutet av samarbetet med Rezycl och i upp till 6 m\u00e5nader d\u00e4refter kan kunden f\u00e5 en kopia av de r\u00e5data som r\u00f6r kunden.<\/span><\/p>\n<p><span style=\"font-weight: 400;\">7.6 Alla \u00f6vertr\u00e4delser f\u00f6rv\u00e4ntas leda till skadest\u00e5ndsansvar och r\u00e4ttslig \u00e5tg\u00e4rd.<\/span><\/p>\n<p><b>Reklamationer, retur och fel<\/b><b><br \/>\n<\/b><span style=\"font-weight: 400;\">8.1 Rezycl l\u00e4mnar ingen garanti f\u00f6r den s\u00e5lda programvaran\/tj\u00e4nsten och abonnemanget, som kunden omedelbart m\u00e5ste inspektera vid mottagandet. Reklamationer m\u00e5ste g\u00f6ras skriftligen med motivering och dokumentation. Om en reklamation g\u00f6rs f\u00f6r sent eller \u00e4r bristf\u00e4llig, f\u00f6rlorar kunden sina krav mot Rezycl.<\/span><\/p>\n<p><span style=\"font-weight: 400;\">8.2 Felaktig anv\u00e4ndning, \u00e5sidos\u00e4ttande av instruktioner och riktlinjer fr\u00e5n Rezycl eller Rezycls leverant\u00f6rer utg\u00f6r inte ett fel, och kravet p\u00e5 fel f\u00f6rfaller om \u00e4ndringar eller felaktiga ingrepp g\u00f6rs i programvaran\/tj\u00e4nsten.<\/span><\/p>\n<p><span style=\"font-weight: 400;\">8.3 Vid fel kan Rezycl leverera p\u00e5 nytt eller \u00e5tg\u00e4rda, och om detta sker inom rimlig tid f\u00f6rlorar kunden r\u00e4tten att annullera eller kr\u00e4va betalning fr\u00e5n Rezycl. Om en reklamation \u00e4r ogrundad kan Rezycl fakturera kunden f\u00f6r kostnaderna f\u00f6r unders\u00f6kning, ny leverans och\/eller \u00e5tg\u00e4rder.<\/span><\/p>\n<p><b>Produktansvar<\/b><b><br \/>\n<\/b><span style=\"font-weight: 400;\">9.1 Rezycl \u00e4r inte ansvarig f\u00f6r person-, egendoms- eller fastighetsskador orsakade av den s\u00e5lda programvaran\/tj\u00e4nsten eller f\u00f6r skador p\u00e5 produkter d\u00e4r Rezycls programvara\/tj\u00e4nst ing\u00e5r, om inte Rezycl har agerat med upps\u00e5t eller grov v\u00e5rdsl\u00f6shet, enligt ansvarsbegr\u00e4nsningen i punkt 10.<\/span><\/p>\n<p><b>Ansvarsbegr\u00e4nsning<\/b><b><br \/>\n<\/b><span style=\"font-weight: 400;\">10.1 Rezycl \u00e4r inte ansvarig f\u00f6r leverant\u00f6rsfel eller -brister. Krav mot Rezycl, t.ex. p\u00e5 grund av fel, brister, f\u00f6rseningar och produktansvar, kr\u00e4ver under alla omst\u00e4ndigheter att Rezycl har agerat med upps\u00e5t eller grov v\u00e5rdsl\u00f6shet.<\/span><\/p>\n<p><span style=\"font-weight: 400;\">10.2 Rezycl ansvarar inte f\u00f6r att programvaran, tj\u00e4nsten och abonnemanget uppfyller lagstiftning eller standarder eller kan anv\u00e4ndas f\u00f6r specifika \u00e4ndam\u00e5l, om inte annat har avtalats skriftligen mellan parterna.<\/span><\/p>\n<p><span style=\"font-weight: 400;\">10.3 Rezycl ansvarar inte f\u00f6r driftst\u00f6rningar och fel som uppst\u00e5r direkt eller indirekt till f\u00f6ljd av kommunikationsfel, inmatningsfel, nedbrott\/driftst\u00f6rningar p\u00e5 internet, Rezycls servrar, h\u00e5rdvara eller programvara.<\/span><\/p>\n<p><span style=\"font-weight: 400;\">10.4 Rezycl \u00e4r under inga omst\u00e4ndigheter ansvarig f\u00f6r f\u00f6ljdskador och indirekta f\u00f6rluster, inklusive f\u00f6rlorad vinst, goodwill, driftstopp, int\u00e4kter, aff\u00e4rsm\u00f6jligheter, f\u00f6rlust av data, information m.m. Vidare ansvarar Rezycl under inga omst\u00e4ndigheter vid force majeure och andra f\u00f6rh\u00e5llanden som Rezycl inte har kontroll \u00f6ver.<\/span><\/p>\n<p><span style=\"font-weight: 400;\">10.5 Om Rezycl skulle bli skadest\u00e5ndsskyldigt kan ers\u00e4ttningsbeloppet under inga omst\u00e4ndigheter \u00f6verstiga DKK 10.000, oavsett storleken p\u00e5 den lidna f\u00f6rlusten.<\/span><\/p>\n<p><b>Sekretess<\/b><b><br \/>\n<\/b><span style=\"font-weight: 400;\">11.1 Kunden f\u00e5r inte avsl\u00f6ja, anv\u00e4nda eller l\u00e5ta andra anv\u00e4nda Rezycls aff\u00e4rshemligheter eller annan information av n\u00e5got slag som inte \u00e4r allm\u00e4nt tillg\u00e4nglig.<\/span><\/p>\n<p><span style=\"font-weight: 400;\">11.2 Kunden f\u00e5r inte p\u00e5 ol\u00e4mpligt s\u00e4tt f\u00f6rv\u00e4rva eller f\u00f6rs\u00f6ka f\u00f6rv\u00e4rva kunskap om eller kontroll \u00f6ver Rezycls konfidentiella information enligt punkt 11.1. Kunden ska hantera och lagra informationen s\u00e4kert f\u00f6r att f\u00f6rhindra att den oavsiktligt blir k\u00e4nd f\u00f6r andra.<\/span><\/p>\n<p><span style=\"font-weight: 400;\">11.3 Parternas skyldigheter enligt punkterna 11.1 \u2013 11.2 g\u00e4ller under parternas samarbete och utan tidsbegr\u00e4nsning efter samarbetets upph\u00f6rande, oavsett orsaken till upph\u00f6randet.<\/span><\/p>\n<p><span style=\"font-weight: 400;\">11.4 De data som genereras i systemet mellan transport\u00f6ren och deras kunder \u00e4r konfidentiella och l\u00e4mnas inte ut till tredje part. Rezycl kan dock vidarebefordra statistiska data om transport\u00f6rens kund(er) om denne\/dessa v\u00e4ljer att byta leverant\u00f6r.<\/span><\/p>\n<p><span style=\"font-weight: 400;\">11.5 Rezycl f\u00f6rbeh\u00e5ller sig r\u00e4tten att l\u00e4mna ut information i den utstr\u00e4ckning som kr\u00e4vs enligt lagstiftning, myndigheter eller domstolar. Rezycl kommer endast att anv\u00e4nda informationen f\u00f6r interna \u00e4ndam\u00e5l inom Rezycl eller dess dotterbolag.<\/span><\/p>\n<p><span style=\"font-weight: 400;\">11.6 Rezycl f\u00f6rbeh\u00e5ller sig r\u00e4tten att anv\u00e4nda informationen i anonymiserad form, t.ex. i samband med marknadsf\u00f6ring, anv\u00e4ndarunders\u00f6kningar, riktlinjer m.m.<\/span><\/p>\n<p><b>Datas\u00e4kerhet<\/b><b><br \/>\n<\/b><span style=\"font-weight: 400;\">12.1 Rezycl lagrar och hanterar data i enlighet med svensk lagstiftning.<\/span><\/p>\n<p><b>Marknadsf\u00f6ring<\/b><b><br \/>\n<\/b><span style=\"font-weight: 400;\">13.1 Om inget annat har avtalats skriftligen har Rezycl till\u00e5telse att anv\u00e4nda kundens namn och logotyp p\u00e5 Rezycls webbplats och marknadsf\u00f6ringsmaterial som referens.<\/span><\/p>\n<p><b>Reservation f\u00f6r tryckfel och felaktigheter<\/b><b><br \/>\n<\/b><span style=\"font-weight: 400;\">14.1 Rezycl f\u00f6rbeh\u00e5ller sig r\u00e4tten och tar inget ansvar f\u00f6r tryckfel och felaktigheter.<\/span><\/p>\n<p><b>Tvister<\/b><b><br \/>\n<\/b><span style=\"font-weight: 400;\">15.1 Tvister mellan kunden och Rezycl avg\u00f6rs enligt svensk lag vid Rezycls r\u00e4ttsliga forum, men Rezycl kan v\u00e4lja att v\u00e4cka talan vid kundens r\u00e4ttsliga forum.<\/span><\/p>\n<\/div><\/div><\/div><\/div><\/div><\/p>\n","protected":false},"excerpt":{"rendered":"","protected":false},"author":1,"featured_media":0,"parent":0,"menu_order":0,"comment_status":"closed","ping_status":"closed","template":"100-width.php","meta":{"footnotes":""},"class_list":["post-541","page","type-page","status-publish","hentry"],"yoast_head":"<!-- This site is optimized with the Yoast SEO plugin v25.6 - https:\/\/yoast.com\/wordpress\/plugins\/seo\/ -->\n<title>Handelsvillkor - Rezycl<\/title>\n<meta name=\"robots\" content=\"noindex, follow\" \/>\n<meta property=\"og:locale\" content=\"sv_SE\" \/>\n<meta property=\"og:type\" content=\"article\" \/>\n<meta property=\"og:title\" content=\"Handelsvillkor - Rezycl\" \/>\n<meta property=\"og:url\" content=\"https:\/\/rezycl.com\/sv\/handelsvillkor\/\" \/>\n<meta property=\"og:site_name\" content=\"Rezycl\" \/>\n<meta property=\"article:modified_time\" content=\"2024-10-31T08:29:53+00:00\" \/>\n<meta name=\"twitter:card\" content=\"summary_large_image\" \/>\n<meta name=\"twitter:label1\" content=\"Ber\u00e4knad l\u00e4stid\" \/>\n\t<meta name=\"twitter:data1\" content=\"15 minuter\" \/>\n<script type=\"application\/ld+json\" class=\"yoast-schema-graph\">{\"@context\":\"https:\/\/schema.org\",\"@graph\":[{\"@type\":\"WebPage\",\"@id\":\"https:\/\/rezycl.com\/sv\/handelsvillkor\/\",\"url\":\"https:\/\/rezycl.com\/sv\/handelsvillkor\/\",\"name\":\"Handelsvillkor - Rezycl\",\"isPartOf\":{\"@id\":\"https:\/\/rezycl.com\/sv\/#website\"},\"datePublished\":\"2024-03-18T07:17:30+00:00\",\"dateModified\":\"2024-10-31T08:29:53+00:00\",\"breadcrumb\":{\"@id\":\"https:\/\/rezycl.com\/sv\/handelsvillkor\/#breadcrumb\"},\"inLanguage\":\"sv-SE\",\"potentialAction\":[{\"@type\":\"ReadAction\",\"target\":[\"https:\/\/rezycl.com\/sv\/handelsvillkor\/\"]}]},{\"@type\":\"BreadcrumbList\",\"@id\":\"https:\/\/rezycl.com\/sv\/handelsvillkor\/#breadcrumb\",\"itemListElement\":[{\"@type\":\"ListItem\",\"position\":1,\"name\":\"Home\",\"item\":\"https:\/\/rezycl.com\/sv\/\"},{\"@type\":\"ListItem\",\"position\":2,\"name\":\"Handelsvillkor\"}]},{\"@type\":\"WebSite\",\"@id\":\"https:\/\/rezycl.com\/sv\/#website\",\"url\":\"https:\/\/rezycl.com\/sv\/\",\"name\":\"Rezycl\",\"description\":\"Your Waste Management System\",\"publisher\":{\"@id\":\"https:\/\/rezycl.com\/sv\/#organization\"},\"potentialAction\":[{\"@type\":\"SearchAction\",\"target\":{\"@type\":\"EntryPoint\",\"urlTemplate\":\"https:\/\/rezycl.com\/sv\/?s={search_term_string}\"},\"query-input\":{\"@type\":\"PropertyValueSpecification\",\"valueRequired\":true,\"valueName\":\"search_term_string\"}}],\"inLanguage\":\"sv-SE\"},{\"@type\":\"Organization\",\"@id\":\"https:\/\/rezycl.com\/sv\/#organization\",\"name\":\"Rezycl\",\"url\":\"https:\/\/rezycl.com\/sv\/\",\"logo\":{\"@type\":\"ImageObject\",\"inLanguage\":\"sv-SE\",\"@id\":\"https:\/\/rezycl.com\/sv\/#\/schema\/logo\/image\/\",\"url\":\"\/wp-content\/uploads\/2024\/03\/Rezycl-Web.png\",\"contentUrl\":\"\/wp-content\/uploads\/2024\/03\/Rezycl-Web.png\",\"width\":800,\"height\":266,\"caption\":\"Rezycl\"},\"image\":{\"@id\":\"https:\/\/rezycl.com\/sv\/#\/schema\/logo\/image\/\"},\"sameAs\":[\"https:\/\/www.linkedin.com\/company\/rezycl\/\"]}]}<\/script>\n<!-- \/ Yoast SEO plugin. -->","yoast_head_json":{"title":"Handelsvillkor - Rezycl","robots":{"index":"noindex","follow":"follow"},"og_locale":"sv_SE","og_type":"article","og_title":"Handelsvillkor - Rezycl","og_url":"https:\/\/rezycl.com\/sv\/handelsvillkor\/","og_site_name":"Rezycl","article_modified_time":"2024-10-31T08:29:53+00:00","twitter_card":"summary_large_image","twitter_misc":{"Ber\u00e4knad l\u00e4stid":"15 minuter"},"schema":{"@context":"https:\/\/schema.org","@graph":[{"@type":"WebPage","@id":"https:\/\/rezycl.com\/sv\/handelsvillkor\/","url":"https:\/\/rezycl.com\/sv\/handelsvillkor\/","name":"Handelsvillkor - Rezycl","isPartOf":{"@id":"https:\/\/rezycl.com\/sv\/#website"},"datePublished":"2024-03-18T07:17:30+00:00","dateModified":"2024-10-31T08:29:53+00:00","breadcrumb":{"@id":"https:\/\/rezycl.com\/sv\/handelsvillkor\/#breadcrumb"},"inLanguage":"sv-SE","potentialAction":[{"@type":"ReadAction","target":["https:\/\/rezycl.com\/sv\/handelsvillkor\/"]}]},{"@type":"BreadcrumbList","@id":"https:\/\/rezycl.com\/sv\/handelsvillkor\/#breadcrumb","itemListElement":[{"@type":"ListItem","position":1,"name":"Home","item":"https:\/\/rezycl.com\/sv\/"},{"@type":"ListItem","position":2,"name":"Handelsvillkor"}]},{"@type":"WebSite","@id":"https:\/\/rezycl.com\/sv\/#website","url":"https:\/\/rezycl.com\/sv\/","name":"Rezycl","description":"Your Waste Management System","publisher":{"@id":"https:\/\/rezycl.com\/sv\/#organization"},"potentialAction":[{"@type":"SearchAction","target":{"@type":"EntryPoint","urlTemplate":"https:\/\/rezycl.com\/sv\/?s={search_term_string}"},"query-input":{"@type":"PropertyValueSpecification","valueRequired":true,"valueName":"search_term_string"}}],"inLanguage":"sv-SE"},{"@type":"Organization","@id":"https:\/\/rezycl.com\/sv\/#organization","name":"Rezycl","url":"https:\/\/rezycl.com\/sv\/","logo":{"@type":"ImageObject","inLanguage":"sv-SE","@id":"https:\/\/rezycl.com\/sv\/#\/schema\/logo\/image\/","url":"\/wp-content\/uploads\/2024\/03\/Rezycl-Web.png","contentUrl":"\/wp-content\/uploads\/2024\/03\/Rezycl-Web.png","width":800,"height":266,"caption":"Rezycl"},"image":{"@id":"https:\/\/rezycl.com\/sv\/#\/schema\/logo\/image\/"},"sameAs":["https:\/\/www.linkedin.com\/company\/rezycl\/"]}]}},"_links":{"self":[{"href":"https:\/\/rezycl.com\/sv\/wp-json\/wp\/v2\/pages\/541","targetHints":{"allow":["GET"]}}],"collection":[{"href":"https:\/\/rezycl.com\/sv\/wp-json\/wp\/v2\/pages"}],"about":[{"href":"https:\/\/rezycl.com\/sv\/wp-json\/wp\/v2\/types\/page"}],"author":[{"embeddable":true,"href":"https:\/\/rezycl.com\/sv\/wp-json\/wp\/v2\/users\/1"}],"replies":[{"embeddable":true,"href":"https:\/\/rezycl.com\/sv\/wp-json\/wp\/v2\/comments?post=541"}],"version-history":[{"count":2,"href":"https:\/\/rezycl.com\/sv\/wp-json\/wp\/v2\/pages\/541\/revisions"}],"predecessor-version":[{"id":543,"href":"https:\/\/rezycl.com\/sv\/wp-json\/wp\/v2\/pages\/541\/revisions\/543"}],"wp:attachment":[{"href":"https:\/\/rezycl.com\/sv\/wp-json\/wp\/v2\/media?parent=541"}],"curies":[{"name":"wp","href":"https:\/\/api.w.org\/{rel}","templated":true}]}}